{"id":403,"date":"2021-09-27T17:06:00","date_gmt":"2021-09-27T22:06:00","guid":{"rendered":"https:\/\/rivianaprivatelabel.com\/product\/rts-60-to-90-seconds\/"},"modified":"2023-04-18T03:29:28","modified_gmt":"2023-04-18T08:29:28","slug":"arroz-listo-para-servir","status":"publish","type":"product","link":"https:\/\/rivianaprivatelabel.com\/es\/producto\/arroz-listo-para-servir\/","title":{"rendered":"RTS (Arroz Listo para servir) en 90 segundos"},"content":{"rendered":"\n<p>El Arroz Listo para servir (Ready to Serve) es la soluci\u00f3n m\u00e1s conveniente para comidas r\u00e1pidas y sencillas. Est\u00e1 listo para consumir al calentarlo 90 segundos. Ofrece a tus consumidores un arroz perfectamente porcionado en bolsas o vasitos para microondas libres de BPA. Elige la variedad que mejor se adapte a sus necesidades, desde arroz tradicional hasta arroz org\u00e1nico.<\/p>\n\n\n\n<h2 class=\"wp-block-heading\">Arroz Blanco Listo para servir<\/h2>\n\n\n\n<p>Arroz blanco precocido de grano largo que se puede cocinar en el microondas manteniendo la textura y el sabor tradicional.<\/p>\n\n\n\n<h2 class=\"wp-block-heading\">Arroz Integral Listo para servir<\/h2>\n\n\n\n<p>Arroz integral listo para consumir al calentarlo por tan solo 60 a 90 segundos. Todos los nutrientes de los granos integrales en muy poco tiempo.<\/p>\n\n\n\n<h2 class=\"wp-block-heading\">Mezcla de Arroz y Quinoa Lista para servir<\/h2>\n\n\n\n<p>Una mezcla perfectamente equilibrada de quinoa blanca, roja y negra que se puede calentar en el microondas para obtener una deliciosa comida en cuesti\u00f3n de minutos.<\/p>\n\n\n\n<h2 class=\"wp-block-heading\">Arroz Jazm\u00edn Listo para servir<\/h2>\n\n\n\n<p>Con un tiempo de cocci\u00f3n reducido, ofrece granos arom\u00e1ticos de calidad que desprenden un agradable aroma mientras se calientan en el microondas.<\/p>\n\n\n\n<h2 class=\"wp-block-heading\">Arroz Basmati Listo para servir<\/h2>\n\n\n\n<p>Este arroz de grano largo y cocci\u00f3n r\u00e1pida ofrece el aroma y sabor caracter\u00edstico del arroz Basmati en menos tiempo.<\/p>\n","protected":false},"excerpt":{"rendered":"<p>El arroz listo para servir (Ready to Serve) es la soluci\u00f3n m\u00e1s conveniente para comidas r\u00e1pidas y sencillas. Listo para consumir al calentarlo por 90 segundos. <\/p>\n","protected":false},"featured_media":1194,"template":"","meta":{"_uag_custom_page_level_css":"","footnotes":""},"class_list":["post-403","product","type-product","status-publish","has-post-thumbnail","hentry","entry"],"uagb_featured_image_src":{"full":["https:\/\/rivianaprivatelabel.com\/wp-content\/uploads\/2023\/04\/arroz-listo-para-servir-es-2.png",440,276,false],"thumbnail":["https:\/\/rivianaprivatelabel.com\/wp-content\/uploads\/2023\/04\/arroz-listo-para-servir-es-2-150x150.png",150,150,true],"medium":["https:\/\/rivianaprivatelabel.com\/wp-content\/uploads\/2023\/04\/arroz-listo-para-servir-es-2-300x188.png",300,188,true],"medium_large":["https:\/\/rivianaprivatelabel.com\/wp-content\/uploads\/2023\/04\/arroz-listo-para-servir-es-2.png",440,276,false],"large":["https:\/\/rivianaprivatelabel.com\/wp-content\/uploads\/2023\/04\/arroz-listo-para-servir-es-2.png",440,276,false],"1536x1536":["https:\/\/rivianaprivatelabel.com\/wp-content\/uploads\/2023\/04\/arroz-listo-para-servir-es-2.png",440,276,false],"2048x2048":["https:\/\/rivianaprivatelabel.com\/wp-content\/uploads\/2023\/04\/arroz-listo-para-servir-es-2.png",440,276,false],"post-thumbnail":["https:\/\/rivianaprivatelabel.com\/wp-content\/uploads\/2023\/04\/arroz-listo-para-servir-es-2.png",440,276,false]},"uagb_author_info":{"display_name":"trevenque","author_link":"https:\/\/rivianaprivatelabel.com\/es\/author\/"},"uagb_comment_info":0,"uagb_excerpt":"El arroz listo para servir (Ready to Serve) es la soluci\u00f3n m\u00e1s conveniente para comidas r\u00e1pidas y sencillas. Listo para consumir al calentarlo por 90 segundos.","_links":{"self":[{"href":"https:\/\/rivianaprivatelabel.com\/es\/wp-json\/wp\/v2\/product\/403","targetHints":{"allow":["GET"]}}],"collection":[{"href":"https:\/\/rivianaprivatelabel.com\/es\/wp-json\/wp\/v2\/product"}],"about":[{"href":"https:\/\/rivianaprivatelabel.com\/es\/wp-json\/wp\/v2\/types\/product"}],"version-history":[{"count":2,"href":"https:\/\/rivianaprivatelabel.com\/es\/wp-json\/wp\/v2\/product\/403\/revisions"}],"predecessor-version":[{"id":1205,"href":"https:\/\/rivianaprivatelabel.com\/es\/wp-json\/wp\/v2\/product\/403\/revisions\/1205"}],"wp:featuredmedia":[{"embeddable":true,"href":"https:\/\/rivianaprivatelabel.com\/es\/wp-json\/wp\/v2\/media\/1194"}],"wp:attachment":[{"href":"https:\/\/rivianaprivatelabel.com\/es\/wp-json\/wp\/v2\/media?parent=403"}],"curies":[{"name":"wp","href":"https:\/\/api.w.org\/{rel}","templated":true}]}}