{"id":401,"date":"2021-09-27T17:33:40","date_gmt":"2021-09-27T22:33:40","guid":{"rendered":"https:\/\/rivianaprivatelabel.com\/product\/organic\/"},"modified":"2022-01-04T06:48:25","modified_gmt":"2022-01-04T12:48:25","slug":"arroz-organico","status":"publish","type":"product","link":"https:\/\/rivianaprivatelabel.com\/es\/producto\/arroz-organico\/","title":{"rendered":"Arroz Org\u00e1nico"},"content":{"rendered":"\n<p>Nuestras variedades de arroz org\u00e1nico se cultivan y procesan bajo los est\u00e1ndares m\u00e1s rigurosos de calidad, para satisfacer las necesidades de los consumidores.<\/p>\n\n\n\n<h2 class=\"wp-block-heading\">Arroz Blanco Org\u00e1nico (Grano Medio y Largo)<\/h2>\n\n\n\n<p>El arroz blanco de grano medio y largo cultivado org\u00e1nicamente ofrece un perfil de sabor neutro con granos que permanecen sueltos cuando se cocinan.<\/p>\n\n\n\n<h2 class=\"wp-block-heading\">Arroz Integral Org\u00e1nico (Grano Medio y Largo)<\/h2>\n\n\n\n<p>Cultivados bajo pr\u00e1cticas sostenibles y certificado org\u00e1nico, estos granos integrales ofrecen un perfil de sabor m\u00e1s a nuez y una textura menos esponjosa en comparaci\u00f3n con el arroz blanco.<\/p>\n\n\n\n<h2 class=\"wp-block-heading\">Arroz Arborio Org\u00e1nico<\/h2>\n\n\n\n<p>Este arroz especial de grano medio se cultiva org\u00e1nicamente y es perfecto para platos cremosos como el risotto o el arroz con leche.<\/p>\n\n\n\n<h2 class=\"wp-block-heading\">Arroz Jazm\u00edn Org\u00e1nico<\/h2>\n\n\n\n<p>Una variedad arom\u00e1tica de arroz de grano largo que es originaria de Tailandia y se cultiva org\u00e1nicamente siguiendo las mejores pr\u00e1cticas para garantizar un producto de calidad excepcional.<\/p>\n\n\n\n<h2 class=\"wp-block-heading\">Arroz Salvaje Org\u00e1nico<\/h2>\n\n\n\n<p>El arroz salvaje org\u00e1nico es una semilla nativa de Estados Unidos y Canad\u00e1 que crece bajo pr\u00e1cticas de producci\u00f3n sostenible para preservar la biodiversidad.<\/p>\n","protected":false},"excerpt":{"rendered":"<p>Nuestras variedades de arroz org\u00e1nico est\u00e1n certificadas y se cultivan y procesan bajo los est\u00e1ndares m\u00e1s rigurosos de calidad.<\/p>\n","protected":false},"featured_media":881,"template":"","meta":{"_uag_custom_page_level_css":"","footnotes":""},"class_list":["post-401","product","type-product","status-publish","has-post-thumbnail","hentry","entry"],"uagb_featured_image_src":{"full":["https:\/\/rivianaprivatelabel.com\/wp-content\/uploads\/2022\/03\/arroz-organico-es.png",440,276,false],"thumbnail":["https:\/\/rivianaprivatelabel.com\/wp-content\/uploads\/2022\/03\/arroz-organico-es-150x150.png",150,150,true],"medium":["https:\/\/rivianaprivatelabel.com\/wp-content\/uploads\/2022\/03\/arroz-organico-es-300x188.png",300,188,true],"medium_large":["https:\/\/rivianaprivatelabel.com\/wp-content\/uploads\/2022\/03\/arroz-organico-es.png",440,276,false],"large":["https:\/\/rivianaprivatelabel.com\/wp-content\/uploads\/2022\/03\/arroz-organico-es.png",440,276,false],"1536x1536":["https:\/\/rivianaprivatelabel.com\/wp-content\/uploads\/2022\/03\/arroz-organico-es.png",440,276,false],"2048x2048":["https:\/\/rivianaprivatelabel.com\/wp-content\/uploads\/2022\/03\/arroz-organico-es.png",440,276,false],"post-thumbnail":["https:\/\/rivianaprivatelabel.com\/wp-content\/uploads\/2022\/03\/arroz-organico-es.png",440,276,false]},"uagb_author_info":{"display_name":"trevenque","author_link":"https:\/\/rivianaprivatelabel.com\/es\/author\/"},"uagb_comment_info":0,"uagb_excerpt":"Nuestras variedades de arroz org\u00e1nico est\u00e1n certificadas y se cultivan y procesan bajo los est\u00e1ndares m\u00e1s rigurosos de calidad.","_links":{"self":[{"href":"https:\/\/rivianaprivatelabel.com\/es\/wp-json\/wp\/v2\/product\/401","targetHints":{"allow":["GET"]}}],"collection":[{"href":"https:\/\/rivianaprivatelabel.com\/es\/wp-json\/wp\/v2\/product"}],"about":[{"href":"https:\/\/rivianaprivatelabel.com\/es\/wp-json\/wp\/v2\/types\/product"}],"version-history":[{"count":2,"href":"https:\/\/rivianaprivatelabel.com\/es\/wp-json\/wp\/v2\/product\/401\/revisions"}],"predecessor-version":[{"id":961,"href":"https:\/\/rivianaprivatelabel.com\/es\/wp-json\/wp\/v2\/product\/401\/revisions\/961"}],"wp:featuredmedia":[{"embeddable":true,"href":"https:\/\/rivianaprivatelabel.com\/es\/wp-json\/wp\/v2\/media\/881"}],"wp:attachment":[{"href":"https:\/\/rivianaprivatelabel.com\/es\/wp-json\/wp\/v2\/media?parent=401"}],"curies":[{"name":"wp","href":"https:\/\/api.w.org\/{rel}","templated":true}]}}