{"id":400,"date":"2021-09-27T17:34:15","date_gmt":"2021-09-27T22:34:15","guid":{"rendered":"https:\/\/rivianaprivatelabel.com\/product\/specialty-rice-and-grains\/"},"modified":"2022-01-04T06:25:34","modified_gmt":"2022-01-04T12:25:34","slug":"arroz-y-granos-especiales","status":"publish","type":"product","link":"https:\/\/rivianaprivatelabel.com\/es\/producto\/arroz-y-granos-especiales\/","title":{"rendered":"Arroz y granos especiales"},"content":{"rendered":"\n<p>La categor\u00eda emergente de arroces y granos especiales mantiene a Riviana a la vanguardia de productos innovadores como el arroz arborio para risotto o el arroz salvaje.<\/p>\n\n\n\n<h2 class=\"wp-block-heading\">Arroz Basmati<\/h2>\n\n\n\n<p>Estos granos largos y arom\u00e1ticos se importan de la India y Pakist\u00e1n para obtener un sabor y una textura irresistible en platos ex\u00f3ticos.<\/p>\n\n\n\n<h2 class=\"wp-block-heading\">Arroz Jazm\u00edn<\/h2>\n\n\n\n<p>Este grano es reconocido mundialmente por liberar un distintivo aroma floral mientras se cocina. Se trata de un arroz de grano largo importado que se mantiene suelto tras la cocci\u00f3n.<\/p>\n\n\n\n<h2 class=\"wp-block-heading\">Arroz Arborio<\/h2>\n\n\n\n<p>Este arroz de especialidad de grano medio se cocina hasta obtener una textura cremosa y caracter\u00edstica de platos de arroz tradicionales como el risotto italiano.<\/p>\n\n\n\n<h2 class=\"wp-block-heading\">Arroz Salvaje<\/h2>\n\n\n\n<p>El arroz salvaje, es una semilla integral de una planta subacu\u00e1tica originaria de Norteam\u00e9rica. Elige de nuestro amplio portafolio de variedades y ofrece a tus clientes el producto que buscan: arroz salvaje escarificado, quebrado, de todos los grados y cosechado en lagos y r\u00edos.<\/p>\n\n\n\n<h2 class=\"wp-block-heading\">Quinoa Blanca<\/h2>\n\n\n\n<p>Esta variedad de semillas de quinoa tiene el sabor y la textura m\u00e1s ligera, entre sus propiedades la alta concentraci\u00f3n de nutrientes y prote\u00ednas. Perfecta para guarniciones y ensaladas.<\/p>\n\n\n\n<h2 class=\"wp-block-heading\">Quinoa Roja<\/h2>\n\n\n\n<p>La quinoa roja es un pseudo grano de alto contenido proteico. Su textura es ligeramente crujiente y cuenta con un atractivo color rojizo. Estas semillas son nativas de Suram\u00e9rica.<\/p>\n\n\n\n<h2 class=\"wp-block-heading\">Quinoa Negra<\/h2>\n\n\n\n<p>Las semillas de quinoa negra tambi\u00e9n son un grano integral. Tienen un atractivo color oscuro y un sabor terroso y a nuez. Es la m\u00e1s crujiente de las variedades de quinoa.<\/p>\n\n\n\n<h2 class=\"wp-block-heading\">Cusc\u00fas<\/h2>\n\n\n\n<p>Hecho de harina de s\u00e9mola y con forma de peque\u00f1os granos de pasta, el cusc\u00fas o couscous es f\u00e1cil de cocinar para una amplia variedad de elaboraciones.<\/p>\n","protected":false},"excerpt":{"rendered":"<p>La categor\u00eda de arroces y granos especiales mantiene a Riviana a la vanguardia de productos innovadores como el arroz arborio o jazm\u00edn.<\/p>\n","protected":false},"featured_media":859,"template":"","meta":{"_uag_custom_page_level_css":"","footnotes":""},"class_list":["post-400","product","type-product","status-publish","has-post-thumbnail","hentry","entry"],"uagb_featured_image_src":{"full":["https:\/\/rivianaprivatelabel.com\/wp-content\/uploads\/2022\/03\/arroz-granos-especiales-es.png",440,276,false],"thumbnail":["https:\/\/rivianaprivatelabel.com\/wp-content\/uploads\/2022\/03\/arroz-granos-especiales-es-150x150.png",150,150,true],"medium":["https:\/\/rivianaprivatelabel.com\/wp-content\/uploads\/2022\/03\/arroz-granos-especiales-es-300x188.png",300,188,true],"medium_large":["https:\/\/rivianaprivatelabel.com\/wp-content\/uploads\/2022\/03\/arroz-granos-especiales-es.png",440,276,false],"large":["https:\/\/rivianaprivatelabel.com\/wp-content\/uploads\/2022\/03\/arroz-granos-especiales-es.png",440,276,false],"1536x1536":["https:\/\/rivianaprivatelabel.com\/wp-content\/uploads\/2022\/03\/arroz-granos-especiales-es.png",440,276,false],"2048x2048":["https:\/\/rivianaprivatelabel.com\/wp-content\/uploads\/2022\/03\/arroz-granos-especiales-es.png",440,276,false],"post-thumbnail":["https:\/\/rivianaprivatelabel.com\/wp-content\/uploads\/2022\/03\/arroz-granos-especiales-es.png",440,276,false]},"uagb_author_info":{"display_name":"trevenque","author_link":"https:\/\/rivianaprivatelabel.com\/es\/author\/"},"uagb_comment_info":0,"uagb_excerpt":"La categor\u00eda de arroces y granos especiales mantiene a Riviana a la vanguardia de productos innovadores como el arroz arborio o jazm\u00edn.","_links":{"self":[{"href":"https:\/\/rivianaprivatelabel.com\/es\/wp-json\/wp\/v2\/product\/400","targetHints":{"allow":["GET"]}}],"collection":[{"href":"https:\/\/rivianaprivatelabel.com\/es\/wp-json\/wp\/v2\/product"}],"about":[{"href":"https:\/\/rivianaprivatelabel.com\/es\/wp-json\/wp\/v2\/types\/product"}],"version-history":[{"count":3,"href":"https:\/\/rivianaprivatelabel.com\/es\/wp-json\/wp\/v2\/product\/400\/revisions"}],"predecessor-version":[{"id":958,"href":"https:\/\/rivianaprivatelabel.com\/es\/wp-json\/wp\/v2\/product\/400\/revisions\/958"}],"wp:featuredmedia":[{"embeddable":true,"href":"https:\/\/rivianaprivatelabel.com\/es\/wp-json\/wp\/v2\/media\/859"}],"wp:attachment":[{"href":"https:\/\/rivianaprivatelabel.com\/es\/wp-json\/wp\/v2\/media?parent=400"}],"curies":[{"name":"wp","href":"https:\/\/api.w.org\/{rel}","templated":true}]}}