{"id":394,"date":"2021-09-27T17:34:29","date_gmt":"2021-09-27T22:34:29","guid":{"rendered":"https:\/\/rivianaprivatelabel.com\/product\/long-and-medium-grain-rice\/"},"modified":"2022-03-08T11:44:17","modified_gmt":"2022-03-08T17:44:17","slug":"arroz-de-grano-medio-y-largo","status":"publish","type":"product","link":"https:\/\/rivianaprivatelabel.com\/es\/producto\/arroz-de-grano-medio-y-largo\/","title":{"rendered":"Arroz de grano medio y largo"},"content":{"rendered":"\n<p>\u00bfSab\u00edas que existen diferentes variedades de arroz? Descubre las opciones de arroz integral y arroz blanco de grano mediano y grano largo disponibles para tus soluciones de marca privada.<\/p>\n\n\n\n<h2 class=\"wp-block-heading\">Arroz blanco de grano medio y de grano largo<\/h2>\n\n\n\n<p>Las variedades de arroz de grano medio se caracterizan por liberar m\u00e1s almid\u00f3n durante el proceso de cocci\u00f3n, consiguiendo as\u00ed una textura m\u00e1s firme y cremosa. El arroz de grano largo se cocina hasta obtener granos sueltos, con una agradable textura ligera y esponjosa.<\/p>\n\n\n\n<h2 class=\"wp-block-heading\">Arroz integral de grano largo<\/h2>\n\n\n\n<p>El arroz integral de grano largo es una variedad nutritiva y de alta calidad que contiene las vitaminas y minerales naturales que se encuentran en las capas de salvado. Este arroz se cocina hasta obtener granos sueltos con un ligero sabor a nuez.<\/p>\n","protected":false},"excerpt":{"rendered":"<p>Descubre las opciones de arroz integral y arroz blanco de grano mediano y grano largo disponibles para tus soluciones de marca privada.<\/p>\n","protected":false},"featured_media":877,"template":"","meta":{"_uag_custom_page_level_css":"","footnotes":""},"class_list":["post-394","product","type-product","status-publish","has-post-thumbnail","hentry","entry"],"uagb_featured_image_src":{"full":["https:\/\/rivianaprivatelabel.com\/wp-content\/uploads\/2022\/03\/arroz-grano-medio-largo-es.png",440,276,false],"thumbnail":["https:\/\/rivianaprivatelabel.com\/wp-content\/uploads\/2022\/03\/arroz-grano-medio-largo-es-150x150.png",150,150,true],"medium":["https:\/\/rivianaprivatelabel.com\/wp-content\/uploads\/2022\/03\/arroz-grano-medio-largo-es-300x188.png",300,188,true],"medium_large":["https:\/\/rivianaprivatelabel.com\/wp-content\/uploads\/2022\/03\/arroz-grano-medio-largo-es.png",440,276,false],"large":["https:\/\/rivianaprivatelabel.com\/wp-content\/uploads\/2022\/03\/arroz-grano-medio-largo-es.png",440,276,false],"1536x1536":["https:\/\/rivianaprivatelabel.com\/wp-content\/uploads\/2022\/03\/arroz-grano-medio-largo-es.png",440,276,false],"2048x2048":["https:\/\/rivianaprivatelabel.com\/wp-content\/uploads\/2022\/03\/arroz-grano-medio-largo-es.png",440,276,false],"post-thumbnail":["https:\/\/rivianaprivatelabel.com\/wp-content\/uploads\/2022\/03\/arroz-grano-medio-largo-es.png",440,276,false]},"uagb_author_info":{"display_name":"riviana.tsf@gmail.com","author_link":"https:\/\/rivianaprivatelabel.com\/es\/author\/"},"uagb_comment_info":0,"uagb_excerpt":"Descubre las opciones de arroz integral y arroz blanco de grano mediano y grano largo disponibles para tus soluciones de marca privada.","_links":{"self":[{"href":"https:\/\/rivianaprivatelabel.com\/es\/wp-json\/wp\/v2\/product\/394","targetHints":{"allow":["GET"]}}],"collection":[{"href":"https:\/\/rivianaprivatelabel.com\/es\/wp-json\/wp\/v2\/product"}],"about":[{"href":"https:\/\/rivianaprivatelabel.com\/es\/wp-json\/wp\/v2\/types\/product"}],"version-history":[{"count":3,"href":"https:\/\/rivianaprivatelabel.com\/es\/wp-json\/wp\/v2\/product\/394\/revisions"}],"predecessor-version":[{"id":1147,"href":"https:\/\/rivianaprivatelabel.com\/es\/wp-json\/wp\/v2\/product\/394\/revisions\/1147"}],"wp:featuredmedia":[{"embeddable":true,"href":"https:\/\/rivianaprivatelabel.com\/es\/wp-json\/wp\/v2\/media\/877"}],"wp:attachment":[{"href":"https:\/\/rivianaprivatelabel.com\/es\/wp-json\/wp\/v2\/media?parent=394"}],"curies":[{"name":"wp","href":"https:\/\/api.w.org\/{rel}","templated":true}]}}