{"id":393,"date":"2021-09-27T17:34:43","date_gmt":"2021-09-27T22:34:43","guid":{"rendered":"https:\/\/rivianaprivatelabel.com\/product\/boil-in-bag\/"},"modified":"2022-03-08T11:43:00","modified_gmt":"2022-03-08T17:43:00","slug":"arroz-bolsas-para-hervir","status":"publish","type":"product","link":"https:\/\/rivianaprivatelabel.com\/es\/producto\/arroz-bolsas-para-hervir\/","title":{"rendered":"Arroz en bolsas para hervir"},"content":{"rendered":"\n<p>Arroz natural empacado en pr\u00e1cticas bolsas libres de BPA para un m\u00e9todo de cocci\u00f3n m\u00e1s simple y r\u00e1pido. Hierve la bolsa en agua y disfruta de un delicioso arroz blanco o integral cocido a la perfecci\u00f3n.<\/p>\n\n\n\n<h2 class=\"wp-block-heading\">Arroz integral de cocci\u00f3n r\u00e1pida en bolsa para hervir<\/h2>\n\n\n\n<p>Este producto es ideal para ofrecer arroz integral perfectamente cocido. Perfecto para acompa\u00f1ar cualquier comida y disfrutar de todas las propiedades del los granos integrales.<\/p>\n\n\n\n<h2 class=\"wp-block-heading\">Arroz blanco de cocci\u00f3n r\u00e1pida en bolsa para hervir<\/h2>\n\n\n\n<p>Ayude a los consumidores a disfrutar del arroz blanco de grano largo con un m\u00e9todo muy sencillo y eficaz. Las bolsas para hervir son la mejor opci\u00f3n para preparar arroz sin complicaciones.<\/p>\n","protected":false},"excerpt":{"rendered":"<p>Arroz blanco e integral natural empacado en una pr\u00e1ctica bolsa libre de BPA para un m\u00e9todo de cocci\u00f3n m\u00e1s simple y r\u00e1pido.<\/p>\n","protected":false},"featured_media":861,"template":"","meta":{"_uag_custom_page_level_css":"","footnotes":""},"class_list":["post-393","product","type-product","status-publish","has-post-thumbnail","hentry","entry"],"uagb_featured_image_src":{"full":["https:\/\/rivianaprivatelabel.com\/wp-content\/uploads\/2022\/03\/arroz-bolsas-hervir-es.png",440,276,false],"thumbnail":["https:\/\/rivianaprivatelabel.com\/wp-content\/uploads\/2022\/03\/arroz-bolsas-hervir-es-150x150.png",150,150,true],"medium":["https:\/\/rivianaprivatelabel.com\/wp-content\/uploads\/2022\/03\/arroz-bolsas-hervir-es-300x188.png",300,188,true],"medium_large":["https:\/\/rivianaprivatelabel.com\/wp-content\/uploads\/2022\/03\/arroz-bolsas-hervir-es.png",440,276,false],"large":["https:\/\/rivianaprivatelabel.com\/wp-content\/uploads\/2022\/03\/arroz-bolsas-hervir-es.png",440,276,false],"1536x1536":["https:\/\/rivianaprivatelabel.com\/wp-content\/uploads\/2022\/03\/arroz-bolsas-hervir-es.png",440,276,false],"2048x2048":["https:\/\/rivianaprivatelabel.com\/wp-content\/uploads\/2022\/03\/arroz-bolsas-hervir-es.png",440,276,false],"post-thumbnail":["https:\/\/rivianaprivatelabel.com\/wp-content\/uploads\/2022\/03\/arroz-bolsas-hervir-es.png",440,276,false]},"uagb_author_info":{"display_name":"riviana.tsf@gmail.com","author_link":"https:\/\/rivianaprivatelabel.com\/es\/author\/"},"uagb_comment_info":0,"uagb_excerpt":"Arroz blanco e integral natural empacado en una pr\u00e1ctica bolsa libre de BPA para un m\u00e9todo de cocci\u00f3n m\u00e1s simple y r\u00e1pido.","_links":{"self":[{"href":"https:\/\/rivianaprivatelabel.com\/es\/wp-json\/wp\/v2\/product\/393","targetHints":{"allow":["GET"]}}],"collection":[{"href":"https:\/\/rivianaprivatelabel.com\/es\/wp-json\/wp\/v2\/product"}],"about":[{"href":"https:\/\/rivianaprivatelabel.com\/es\/wp-json\/wp\/v2\/types\/product"}],"version-history":[{"count":3,"href":"https:\/\/rivianaprivatelabel.com\/es\/wp-json\/wp\/v2\/product\/393\/revisions"}],"predecessor-version":[{"id":1145,"href":"https:\/\/rivianaprivatelabel.com\/es\/wp-json\/wp\/v2\/product\/393\/revisions\/1145"}],"wp:featuredmedia":[{"embeddable":true,"href":"https:\/\/rivianaprivatelabel.com\/es\/wp-json\/wp\/v2\/media\/861"}],"wp:attachment":[{"href":"https:\/\/rivianaprivatelabel.com\/es\/wp-json\/wp\/v2\/media?parent=393"}],"curies":[{"name":"wp","href":"https:\/\/api.w.org\/{rel}","templated":true}]}}