{"id":392,"date":"2021-09-27T17:35:53","date_gmt":"2021-09-27T22:35:53","guid":{"rendered":"https:\/\/rivianaprivatelabel.com\/product\/instant\/"},"modified":"2022-03-08T11:43:28","modified_gmt":"2022-03-08T17:43:28","slug":"arroz-precocido","status":"publish","type":"product","link":"https:\/\/rivianaprivatelabel.com\/es\/producto\/arroz-precocido\/","title":{"rendered":"Arroz precocido"},"content":{"rendered":"\n<p>Arroz 100% natural, sin conservadores, colorantes sint\u00e9ticos ni aditivos. Los granos de arroz instant\u00e1neo son precocidos para reducir el tiempo de cocci\u00f3n.<\/p>\n\n\n\n<h2 class=\"wp-block-heading\">Arroz integral de cocci\u00f3n r\u00e1pida<\/h2>\n\n\n\n<p>Con todos los beneficios de los granos integrales, el arroz integral precocido o instant\u00e1neo se cocinar\u00e1 a la perfecci\u00f3n en menos tiempo que la variedad tradicional. Nuestro arroz integral de alta calidad mantiene todas las vitaminas, minerales y fibra que se encuentran en el salvado y el germen para una opci\u00f3n rica en nutrientes.<\/p>\n\n\n\n<h2 class=\"wp-block-heading\">Arroz blanco de cocci\u00f3n r\u00e1pida<\/h2>\n\n\n\n<p>Este arroz blanco precocido de grano largo es el est\u00e1ndar de la industria para el arroz instant\u00e1neo convencional y uno de los favoritos entre los consumidores. Estos granos son la opci\u00f3n ideal para obtener un arroz de textura suave y ligera en menos tiempo.<\/p>\n\n\n\n<h2 class=\"wp-block-heading\">Arroz jazm\u00edn de cocci\u00f3n r\u00e1pida<\/h2>\n\n\n\n<p>Todas las ventajas del arroz precocido ahora tambi\u00e9n disponible en variedades arom\u00e1ticas como el arroz jazm\u00edn. Ofrece a tus consumidores un producto de calidad para una comida deliciosa en poco tiempo.<\/p>\n","protected":false},"excerpt":{"rendered":"<p>Arroz 100% natural, sin conservadores, colorantes sint\u00e9ticos ni aditivos. Descubre nuestro arroz precocido o instant\u00e1neo de marca privada.<\/p>\n","protected":false},"featured_media":879,"template":"","meta":{"_uag_custom_page_level_css":"","footnotes":""},"class_list":["post-392","product","type-product","status-publish","has-post-thumbnail","hentry","entry"],"uagb_featured_image_src":{"full":["https:\/\/rivianaprivatelabel.com\/wp-content\/uploads\/2022\/03\/arroz-precocido-es.png",440,276,false],"thumbnail":["https:\/\/rivianaprivatelabel.com\/wp-content\/uploads\/2022\/03\/arroz-precocido-es-150x150.png",150,150,true],"medium":["https:\/\/rivianaprivatelabel.com\/wp-content\/uploads\/2022\/03\/arroz-precocido-es-300x188.png",300,188,true],"medium_large":["https:\/\/rivianaprivatelabel.com\/wp-content\/uploads\/2022\/03\/arroz-precocido-es.png",440,276,false],"large":["https:\/\/rivianaprivatelabel.com\/wp-content\/uploads\/2022\/03\/arroz-precocido-es.png",440,276,false],"1536x1536":["https:\/\/rivianaprivatelabel.com\/wp-content\/uploads\/2022\/03\/arroz-precocido-es.png",440,276,false],"2048x2048":["https:\/\/rivianaprivatelabel.com\/wp-content\/uploads\/2022\/03\/arroz-precocido-es.png",440,276,false],"post-thumbnail":["https:\/\/rivianaprivatelabel.com\/wp-content\/uploads\/2022\/03\/arroz-precocido-es.png",440,276,false]},"uagb_author_info":{"display_name":"riviana.tsf@gmail.com","author_link":"https:\/\/rivianaprivatelabel.com\/es\/author\/"},"uagb_comment_info":0,"uagb_excerpt":"Arroz 100% natural, sin conservadores, colorantes sint\u00e9ticos ni aditivos. Descubre nuestro arroz precocido o instant\u00e1neo de marca privada.","_links":{"self":[{"href":"https:\/\/rivianaprivatelabel.com\/es\/wp-json\/wp\/v2\/product\/392","targetHints":{"allow":["GET"]}}],"collection":[{"href":"https:\/\/rivianaprivatelabel.com\/es\/wp-json\/wp\/v2\/product"}],"about":[{"href":"https:\/\/rivianaprivatelabel.com\/es\/wp-json\/wp\/v2\/types\/product"}],"version-history":[{"count":3,"href":"https:\/\/rivianaprivatelabel.com\/es\/wp-json\/wp\/v2\/product\/392\/revisions"}],"predecessor-version":[{"id":1146,"href":"https:\/\/rivianaprivatelabel.com\/es\/wp-json\/wp\/v2\/product\/392\/revisions\/1146"}],"wp:featuredmedia":[{"embeddable":true,"href":"https:\/\/rivianaprivatelabel.com\/es\/wp-json\/wp\/v2\/media\/879"}],"wp:attachment":[{"href":"https:\/\/rivianaprivatelabel.com\/es\/wp-json\/wp\/v2\/media?parent=392"}],"curies":[{"name":"wp","href":"https:\/\/api.w.org\/{rel}","templated":true}]}}