{"id":350,"date":"2021-09-23T11:25:39","date_gmt":"2021-09-23T16:25:39","guid":{"rendered":"https:\/\/rivianaprivatelabel.com\/about-us\/"},"modified":"2022-03-07T01:07:02","modified_gmt":"2022-03-07T07:07:02","slug":"nosotros","status":"publish","type":"page","link":"https:\/\/rivianaprivatelabel.com\/es\/nosotros\/","title":{"rendered":"Nosotros"},"content":{"rendered":"\n<section class=\"wp-block-group alignfull\"><div class=\"wp-block-group__inner-container is-layout-flow wp-block-group-is-layout-flow\">\n<div class=\"wp-block-columns alignwide are-vertically-aligned-top is-layout-flex wp-container-core-columns-is-layout-9d6595d7 wp-block-columns-is-layout-flex\">\n<div class=\"wp-block-column is-vertically-aligned-top is-layout-flow wp-block-column-is-layout-flow\">\n<h2 class=\"wp-block-heading\"><strong><strong>Nuestra historia<\/strong><\/strong><\/h2>\n<\/div>\n<\/div>\n\n\n\n<div class=\"wp-block-columns alignwide is-style-default is-layout-flex wp-container-core-columns-is-layout-9d6595d7 wp-block-columns-is-layout-flex\">\n<div class=\"wp-block-column is-vertically-aligned-top is-layout-flow wp-block-column-is-layout-flow\" style=\"flex-basis:50.29%\">\n<p><a href=\"https:\/\/www.riviana.com\/\" target=\"_blank\" rel=\"noreferrer noopener\">Riviana Foods Inc.<\/a> es la arrocera l\u00edder en Estados Unidos, el comercializador de arroz salvaje m\u00e1s extenso del mundo y un miembro orgulloso del grupo Ebro Foods. Nuestros m\u00e1s de 100 a\u00f1os de experiencia en el sector nos convierten en un referente de la industria del arroz y en la mejor opci\u00f3n para sus soluciones de marca privada. Nuestro compromiso es proporcionar los granos de arroz con la mejor calidad posible en un empaque que se adapte a sus necesidades y las de sus consumidores para simplemente etiquetar con su marca. Lograr la satisfacci\u00f3n completa del cliente es uno de nuestros objetivos principales.<\/p>\n<\/div>\n\n\n\n<div class=\"wp-block-column is-layout-flow wp-block-column-is-layout-flow\" style=\"flex-basis:49.71%\">\n<figure class=\"wp-block-image size-full\"><img loading=\"lazy\" decoding=\"async\" width=\"987\" height=\"610\" src=\"https:\/\/rivianaprivatelabel.com\/wp-content\/uploads\/2022\/01\/about-us-riviana-private-label-2-sin-comprimir.jpg\" alt=\"\" class=\"wp-image-993\" srcset=\"https:\/\/rivianaprivatelabel.com\/wp-content\/uploads\/2022\/01\/about-us-riviana-private-label-2-sin-comprimir.jpg 987w, https:\/\/rivianaprivatelabel.com\/wp-content\/uploads\/2022\/01\/about-us-riviana-private-label-2-sin-comprimir-300x185.jpg 300w, https:\/\/rivianaprivatelabel.com\/wp-content\/uploads\/2022\/01\/about-us-riviana-private-label-2-sin-comprimir-768x475.jpg 768w\" sizes=\"auto, (max-width: 987px) 100vw, 987px\" \/><\/figure>\n<\/div>\n<\/div>\n\n\n\n<div class=\"wp-block-columns alignwide is-layout-flex wp-container-core-columns-is-layout-9d6595d7 wp-block-columns-is-layout-flex\">\n<div class=\"wp-block-column is-layout-flow wp-block-column-is-layout-flow\" style=\"flex-basis:50%\">\n<div class=\"wp-block-image\"><figure class=\"alignright size-full\"><img loading=\"lazy\" decoding=\"async\" width=\"912\" height=\"586\" src=\"https:\/\/rivianaprivatelabel.com\/wp-content\/uploads\/2022\/01\/about-us-riviana-private-label-1.png\" alt=\"\" class=\"wp-image-988\" srcset=\"https:\/\/rivianaprivatelabel.com\/wp-content\/uploads\/2022\/01\/about-us-riviana-private-label-1.png 912w, https:\/\/rivianaprivatelabel.com\/wp-content\/uploads\/2022\/01\/about-us-riviana-private-label-1-300x193.png 300w, https:\/\/rivianaprivatelabel.com\/wp-content\/uploads\/2022\/01\/about-us-riviana-private-label-1-768x493.png 768w\" sizes=\"auto, (max-width: 912px) 100vw, 912px\" \/><\/figure><\/div>\n<\/div>\n\n\n\n<div class=\"wp-block-column is-vertically-aligned-center is-layout-flow wp-block-column-is-layout-flow\" style=\"flex-basis:50%\">\n<p>Contamos con una s\u00f3lida trayectoria de marca que inici\u00f3 en el a\u00f1o 1911. Con el paso del tiempo hemos crecido y fortalecido nuestra presencia en el mercado, mejorado nuestro producto e instalaciones para producir el arroz m\u00e1s limpio y saludable de los EE. UU. Desde el campo hasta su marca, trabajamos continuamente para impulsar nuestra eficiencia y satisfacer as\u00ed a los consumidores m\u00e1s exigentes. Ofrecemos un extenso portafolio de productos y aseguramos entregas r\u00e1pidas y puntuales gracias a nuestra red estrat\u00e9gica de centros de distribuci\u00f3n y la red mundial de abastecimiento de materia prima del Grupo Ebro, l\u00edder mundial en producci\u00f3n de arroz. Riviana es tambi\u00e9n el procesador, comercializador y distribuidor m\u00e1s grande de Estados Unidos de productos de arroz de marcas reconocidas en el mercado, y tambi\u00e9n de marca privada.<\/p>\n<\/div>\n<\/div>\n<\/div><\/section>\n","protected":false},"excerpt":{"rendered":"<p>Riviana Foods Inc. es la arrocera l\u00edder en Estados Unidos, el comercializador de arroz salvaje m\u00e1s extenso del mundo.<\/p>\n","protected":false},"author":2,"featured_media":0,"parent":0,"menu_order":3,"comment_status":"closed","ping_status":"closed","template":"","meta":{"_uag_custom_page_level_css":"","footnotes":""},"class_list":["post-350","page","type-page","status-publish","hentry","entry"],"uagb_featured_image_src":{"full":false,"thumbnail":false,"medium":false,"medium_large":false,"large":false,"1536x1536":false,"2048x2048":false,"post-thumbnail":false},"uagb_author_info":{"display_name":"trevenque","author_link":"https:\/\/rivianaprivatelabel.com\/es\/author\/trevenque\/"},"uagb_comment_info":0,"uagb_excerpt":"Riviana Foods Inc. es la arrocera l\u00edder en Estados Unidos, el comercializador de arroz salvaje m\u00e1s extenso del mundo.","_links":{"self":[{"href":"https:\/\/rivianaprivatelabel.com\/es\/wp-json\/wp\/v2\/pages\/350","targetHints":{"allow":["GET"]}}],"collection":[{"href":"https:\/\/rivianaprivatelabel.com\/es\/wp-json\/wp\/v2\/pages"}],"about":[{"href":"https:\/\/rivianaprivatelabel.com\/es\/wp-json\/wp\/v2\/types\/page"}],"author":[{"embeddable":true,"href":"https:\/\/rivianaprivatelabel.com\/es\/wp-json\/wp\/v2\/users\/2"}],"replies":[{"embeddable":true,"href":"https:\/\/rivianaprivatelabel.com\/es\/wp-json\/wp\/v2\/comments?post=350"}],"version-history":[{"count":3,"href":"https:\/\/rivianaprivatelabel.com\/es\/wp-json\/wp\/v2\/pages\/350\/revisions"}],"predecessor-version":[{"id":1117,"href":"https:\/\/rivianaprivatelabel.com\/es\/wp-json\/wp\/v2\/pages\/350\/revisions\/1117"}],"wp:attachment":[{"href":"https:\/\/rivianaprivatelabel.com\/es\/wp-json\/wp\/v2\/media?parent=350"}],"curies":[{"name":"wp","href":"https:\/\/api.w.org\/{rel}","templated":true}]}}