{"id":349,"date":"2021-09-23T11:25:25","date_gmt":"2021-09-23T16:25:25","guid":{"rendered":"https:\/\/rivianaprivatelabel.com\/resources\/"},"modified":"2022-03-09T01:47:03","modified_gmt":"2022-03-09T07:47:03","slug":"recursos","status":"publish","type":"page","link":"https:\/\/rivianaprivatelabel.com\/es\/recursos\/","title":{"rendered":"Recursos"},"content":{"rendered":"\n<section class=\"wp-block-group alignwide advantages\"><div class=\"wp-block-group__inner-container is-layout-flow wp-block-group-is-layout-flow\">\n<div class=\"wp-block-columns alignwide title is-layout-flex wp-container-core-columns-is-layout-9d6595d7 wp-block-columns-is-layout-flex\">\n<div class=\"wp-block-column is-layout-flow wp-block-column-is-layout-flow\">\n<p class=\"has-text-align-center has-extra-large-font-size\"><strong>Ventajas competitivas<\/strong><\/p>\n<\/div>\n<\/div>\n\n\n\n<div class=\"wp-block-columns alignwide are-vertically-aligned-top is-layout-flex wp-container-core-columns-is-layout-9d6595d7 wp-block-columns-is-layout-flex\">\n<div class=\"wp-block-column is-vertically-aligned-top is-layout-flow wp-block-column-is-layout-flow\">\n<div class=\"wp-block-media-text alignwide has-media-on-the-right is-stacked-on-mobile is-vertically-aligned-top right\" style=\"grid-template-columns:auto 30%\"><figure class=\"wp-block-media-text__media\"><img loading=\"lazy\" decoding=\"async\" width=\"120\" height=\"120\" src=\"https:\/\/rivianaprivatelabel.com\/wp-content\/uploads\/2021\/09\/icon-high-quality-products.jpg\" alt=\"\" class=\"wp-image-135 size-full\"\/><\/figure><div class=\"wp-block-media-text__content\">\n<h6 class=\"has-text-align-right wp-block-heading\">Productos de alta calidad<\/h6>\n\n\n\n<p class=\"has-text-align-right has-extra-small-font-size\">Nuestro arroz es por naturaleza libre de Gluten y Al\u00e9rgenos y cuenta con las mejores certificaciones de la industria alimentaria. <\/p>\n<\/div><\/div>\n<\/div>\n\n\n\n<div class=\"wp-block-column is-vertically-aligned-top uag-hide-tab uag-hide-mob is-layout-flow wp-block-column-is-layout-flow\" style=\"flex-basis:7%\"><\/div>\n\n\n\n<div class=\"wp-block-column is-vertically-aligned-top is-layout-flow wp-block-column-is-layout-flow\">\n<div class=\"wp-block-media-text alignwide is-stacked-on-mobile is-vertically-aligned-top left\" style=\"grid-template-columns:30% auto\"><figure class=\"wp-block-media-text__media\"><img loading=\"lazy\" decoding=\"async\" width=\"120\" height=\"120\" src=\"https:\/\/rivianaprivatelabel.com\/wp-content\/uploads\/2021\/09\/icon-high-quality-packaging.jpg\" alt=\"\" class=\"wp-image-133 size-full\"\/><\/figure><div class=\"wp-block-media-text__content\">\n<h6 class=\"has-text-align-left wp-block-heading\">Empaques de alta calidad<\/h6>\n\n\n\n<p class=\"has-text-align-left has-extra-small-font-size\">De diferentes tama\u00f1os, formatos y materiales, elija el empaque que mejor se adapte a sus necesidades. Los tenemos todos, \u00a1solo ponga su marca!<\/p>\n<\/div><\/div>\n<\/div>\n<\/div>\n\n\n\n<div class=\"wp-block-columns alignwide is-layout-flex wp-container-core-columns-is-layout-9d6595d7 wp-block-columns-is-layout-flex\">\n<div class=\"wp-block-column is-layout-flow wp-block-column-is-layout-flow\">\n<div class=\"wp-block-media-text alignwide has-media-on-the-right is-stacked-on-mobile is-vertically-aligned-top right\" style=\"grid-template-columns:auto 30%\"><figure class=\"wp-block-media-text__media\"><img loading=\"lazy\" decoding=\"async\" width=\"120\" height=\"120\" src=\"https:\/\/rivianaprivatelabel.com\/wp-content\/uploads\/2021\/09\/icon-high-stock-availability.jpg\" alt=\"\" class=\"wp-image-137 size-full\"\/><\/figure><div class=\"wp-block-media-text__content\">\n<h6 class=\"has-text-align-right wp-block-heading\">Alta disponibilidad de inventario<\/h6>\n\n\n\n<p class=\"has-text-align-right has-extra-small-font-size\">Con una red estrat\u00e9gica de centros de distribuci\u00f3n, nuestra presencia en todo el pa\u00eds asegura suficiente inventario de productos y entregas r\u00e1pidas.<\/p>\n<\/div><\/div>\n<\/div>\n\n\n\n<div class=\"wp-block-column center uag-hide-mob is-layout-flow wp-block-column-is-layout-flow\" style=\"flex-basis:25%\"><\/div>\n\n\n\n<div class=\"wp-block-column is-layout-flow wp-block-column-is-layout-flow\">\n<div class=\"wp-block-media-text alignwide is-stacked-on-mobile is-vertically-aligned-top left\" style=\"grid-template-columns:30% auto\"><figure class=\"wp-block-media-text__media\"><img loading=\"lazy\" decoding=\"async\" width=\"120\" height=\"120\" src=\"https:\/\/rivianaprivatelabel.com\/wp-content\/uploads\/2021\/09\/icon-logistics.jpg\" alt=\"\" class=\"wp-image-141 size-full\"\/><\/figure><div class=\"wp-block-media-text__content\">\n<h6 class=\"has-text-align-left wp-block-heading\">Log\u00edstica<\/h6>\n\n\n\n<p class=\"has-text-align-left has-extra-small-font-size\">Como proveedores de arroz de servicio completo, nuestro personal asistir\u00e1 a su marca durante todo el proceso para cumplir con los est\u00e1ndares m\u00e1s altos de calidad.<\/p>\n<\/div><\/div>\n<\/div>\n<\/div>\n\n\n\n<div class=\"wp-block-columns alignwide is-layout-flex wp-container-core-columns-is-layout-9d6595d7 wp-block-columns-is-layout-flex\">\n<div class=\"wp-block-column is-layout-flow wp-block-column-is-layout-flow\">\n<div class=\"wp-block-media-text alignwide has-media-on-the-right is-stacked-on-mobile is-vertically-aligned-top right\" style=\"grid-template-columns:auto 30%\"><figure class=\"wp-block-media-text__media\"><img loading=\"lazy\" decoding=\"async\" width=\"120\" height=\"120\" src=\"https:\/\/rivianaprivatelabel.com\/wp-content\/uploads\/2021\/09\/icon-industry-expertises.jpg\" alt=\"\" class=\"wp-image-139 size-full\"\/><\/figure><div class=\"wp-block-media-text__content\">\n<h6 class=\"has-text-align-right wp-block-heading\">Experiencia en la industria<\/h6>\n\n\n\n<p class=\"has-text-align-right has-extra-small-font-size\">Con m\u00e1s de 100 a\u00f1os de experiencia, Riviana es la empresa de arroz l\u00edder en Estados Unidos y el mayor comercializador de arroz salvaje del mundo.<\/p>\n<\/div><\/div>\n<\/div>\n\n\n\n<div class=\"wp-block-column center uag-hide-mob is-layout-flow wp-block-column-is-layout-flow\" style=\"flex-basis:25%\"><\/div>\n\n\n\n<div class=\"wp-block-column is-layout-flow wp-block-column-is-layout-flow\">\n<div class=\"wp-block-media-text alignwide is-stacked-on-mobile is-vertically-aligned-top left\" style=\"grid-template-columns:30% auto\"><figure class=\"wp-block-media-text__media\"><img loading=\"lazy\" decoding=\"async\" width=\"120\" height=\"120\" src=\"https:\/\/rivianaprivatelabel.com\/wp-content\/uploads\/2021\/09\/icon-company-background.jpg\" alt=\"\" class=\"wp-image-131 size-full\"\/><\/figure><div class=\"wp-block-media-text__content\">\n<h6 class=\"has-text-align-left wp-block-heading\">Antecedentes de la empresa<\/h6>\n\n\n\n<p class=\"has-text-align-left has-extra-small-font-size\">Somos miembros orgullosos del grupo Ebro Foods, que nos brinda acceso a una red mundial de abastecimiento de materias primas con centros de investigaci\u00f3n y desarrollo para mejorar nuestros productos de marca privada.<\/p>\n<\/div><\/div>\n<\/div>\n<\/div>\n\n\n\n<div class=\"wp-block-columns alignwide is-layout-flex wp-container-core-columns-is-layout-9d6595d7 wp-block-columns-is-layout-flex\">\n<div class=\"wp-block-column is-layout-flow wp-block-column-is-layout-flow\">\n<div class=\"wp-block-media-text alignwide has-media-on-the-right is-stacked-on-mobile is-vertically-aligned-top right\" style=\"grid-template-columns:auto 30%\"><figure class=\"wp-block-media-text__media\"><img loading=\"lazy\" decoding=\"async\" width=\"120\" height=\"120\" src=\"https:\/\/rivianaprivatelabel.com\/wp-content\/uploads\/2021\/09\/icon-success-record.jpg\" alt=\"\" class=\"wp-image-145 size-full\"\/><\/figure><div class=\"wp-block-media-text__content\">\n<h6 class=\"has-text-align-right wp-block-heading\">Trayectoria exitosa<\/h6>\n\n\n\n<p class=\"has-text-align-right has-extra-small-font-size\">Riviana est\u00e1 a la vanguardia de la innovaci\u00f3n con productos de arroz especiales como arroz jazm\u00edn y basmati, arroz vaporizado o arroz org\u00e1nico certificado por el USDA para las mejores soluciones de marca privada.<\/p>\n<\/div><\/div>\n<\/div>\n\n\n\n<div class=\"wp-block-column uag-hide-tab uag-hide-mob is-layout-flow wp-block-column-is-layout-flow\" style=\"flex-basis:7%\"><\/div>\n\n\n\n<div class=\"wp-block-column is-layout-flow wp-block-column-is-layout-flow\">\n<div class=\"wp-block-media-text alignwide is-stacked-on-mobile is-vertically-aligned-top left\" style=\"grid-template-columns:30% auto\"><figure class=\"wp-block-media-text__media\"><img loading=\"lazy\" decoding=\"async\" width=\"120\" height=\"120\" src=\"https:\/\/rivianaprivatelabel.com\/wp-content\/uploads\/2021\/09\/icon-market-know-how.jpg\" alt=\"\" class=\"wp-image-143 size-full\"\/><\/figure><div class=\"wp-block-media-text__content\">\n<h6 class=\"has-text-align-left wp-block-heading\">Conocimientos del mercado<\/h6>\n\n\n\n<p class=\"has-text-align-left has-extra-small-font-size\">Contamos con m\u00e1s de 100 a\u00f1os de historia y conocimiento del mercado, tecnolog\u00eda de \u00faltima generaci\u00f3n y una red de distribuci\u00f3n estrat\u00e9gica para satisfacer sus necesidades.<\/p>\n<\/div><\/div>\n<\/div>\n<\/div>\n<\/div><\/section>\n\n\n\n<div class=\"wp-block-cover alignfull has-white-background-color\"><img loading=\"lazy\" decoding=\"async\" width=\"1439\" height=\"654\" class=\"wp-block-cover__image-background wp-image-159\" alt=\"\" src=\"https:\/\/rivianaprivatelabel.com\/wp-content\/uploads\/2021\/09\/bg-certifications.jpg\" data-object-fit=\"cover\" srcset=\"https:\/\/rivianaprivatelabel.com\/wp-content\/uploads\/2021\/09\/bg-certifications.jpg 1439w, https:\/\/rivianaprivatelabel.com\/wp-content\/uploads\/2021\/09\/bg-certifications-300x136.jpg 300w, https:\/\/rivianaprivatelabel.com\/wp-content\/uploads\/2021\/09\/bg-certifications-1024x465.jpg 1024w, https:\/\/rivianaprivatelabel.com\/wp-content\/uploads\/2021\/09\/bg-certifications-768x349.jpg 768w\" sizes=\"auto, (max-width: 1439px) 100vw, 1439px\" \/><div class=\"wp-block-cover__inner-container is-layout-flow wp-block-cover-is-layout-flow\">\n<div style=\"height:50px\" aria-hidden=\"true\" class=\"wp-block-spacer\"><\/div>\n\n\n\n<div class=\"wp-block-columns alignwide certifications is-layout-flex wp-container-core-columns-is-layout-9d6595d7 wp-block-columns-is-layout-flex\">\n<div class=\"wp-block-column has-white-background-color has-background is-layout-flow wp-block-column-is-layout-flow\" style=\"padding-top:50px;padding-right:50px;padding-bottom:50px;padding-left:50px\">\n<h2 class=\"has-black-color has-text-color wp-block-heading\">Nuestras certificaciones<\/h2>\n\n\n\n<p class=\"has-dark-gray-color has-text-color\">El compromiso de Riviana es producir los mejores productos de arroz. Proporcionar un nivel superior de calidad es uno de nuestros objetivos m\u00e1s importantes. Todos nuestros productos tienen certificaci\u00f3n Star K, sin Gluten, BRC, Org\u00e1nico y SQF. Cont\u00e1ctenos y nuestro equipo le ayudar\u00e1 a encontrar una soluci\u00f3n personalizada.<\/p>\n<\/div>\n\n\n\n<div class=\"wp-block-column is-layout-flow wp-block-column-is-layout-flow\" style=\"padding-top:50px;padding-right:50px;padding-bottom:50px;padding-left:50px\">\n<figure class=\"wp-block-gallery aligncenter columns-3 wp-block-gallery-1 is-layout-flex wp-block-gallery-is-layout-flex\"><ul class=\"blocks-gallery-grid\"><li class=\"blocks-gallery-item\"><figure><img loading=\"lazy\" decoding=\"async\" width=\"155\" height=\"155\" src=\"https:\/\/rivianaprivatelabel.com\/wp-content\/uploads\/2021\/10\/icon-brc.png\" alt=\"\" data-id=\"607\" data-full-url=\"https:\/\/rivianaprivatelabel.com\/wp-content\/uploads\/2021\/10\/icon-brc.png\" data-link=\"https:\/\/rivianaprivatelabel.com\/icon-brc\/\" class=\"wp-image-608\" srcset=\"https:\/\/rivianaprivatelabel.com\/wp-content\/uploads\/2021\/10\/icon-brc.png 155w, https:\/\/rivianaprivatelabel.com\/wp-content\/uploads\/2021\/10\/icon-brc-150x150.png 150w\" sizes=\"auto, (max-width: 155px) 100vw, 155px\" \/><\/figure><\/li><li class=\"blocks-gallery-item\"><figure><img loading=\"lazy\" decoding=\"async\" width=\"155\" height=\"155\" src=\"https:\/\/rivianaprivatelabel.com\/wp-content\/uploads\/2021\/10\/icon-gluten-free.png\" alt=\"\" data-id=\"609\" data-full-url=\"https:\/\/rivianaprivatelabel.com\/wp-content\/uploads\/2021\/10\/icon-gluten-free.png\" data-link=\"https:\/\/rivianaprivatelabel.com\/icon-gluten-free\/\" class=\"wp-image-610\" srcset=\"https:\/\/rivianaprivatelabel.com\/wp-content\/uploads\/2021\/10\/icon-gluten-free.png 155w, https:\/\/rivianaprivatelabel.com\/wp-content\/uploads\/2021\/10\/icon-gluten-free-150x150.png 150w\" sizes=\"auto, (max-width: 155px) 100vw, 155px\" \/><figcaption class=\"blocks-gallery-item__caption\"><br><br><br><\/figcaption><\/figure><\/li><li class=\"blocks-gallery-item\"><figure><img loading=\"lazy\" decoding=\"async\" width=\"155\" height=\"155\" src=\"https:\/\/rivianaprivatelabel.com\/wp-content\/uploads\/2021\/10\/icon-organic.png\" alt=\"\" data-id=\"613\" data-full-url=\"https:\/\/rivianaprivatelabel.com\/wp-content\/uploads\/2021\/10\/icon-organic.png\" data-link=\"https:\/\/rivianaprivatelabel.com\/icon-organic\/\" class=\"wp-image-614\" srcset=\"https:\/\/rivianaprivatelabel.com\/wp-content\/uploads\/2021\/10\/icon-organic.png 155w, https:\/\/rivianaprivatelabel.com\/wp-content\/uploads\/2021\/10\/icon-organic-150x150.png 150w\" sizes=\"auto, (max-width: 155px) 100vw, 155px\" \/><figcaption class=\"blocks-gallery-item__caption\"><br><br><br><\/figcaption><\/figure><\/li><li class=\"blocks-gallery-item\"><figure><img loading=\"lazy\" decoding=\"async\" width=\"155\" height=\"155\" src=\"https:\/\/rivianaprivatelabel.com\/wp-content\/uploads\/2021\/10\/icon-kosher.png\" alt=\"\" data-id=\"611\" data-full-url=\"https:\/\/rivianaprivatelabel.com\/wp-content\/uploads\/2021\/10\/icon-kosher.png\" data-link=\"https:\/\/rivianaprivatelabel.com\/icon-kosher\/\" class=\"wp-image-612\" srcset=\"https:\/\/rivianaprivatelabel.com\/wp-content\/uploads\/2021\/10\/icon-kosher.png 155w, https:\/\/rivianaprivatelabel.com\/wp-content\/uploads\/2021\/10\/icon-kosher-150x150.png 150w\" sizes=\"auto, (max-width: 155px) 100vw, 155px\" \/><\/figure><\/li><li class=\"blocks-gallery-item\"><figure><img loading=\"lazy\" decoding=\"async\" width=\"155\" height=\"155\" src=\"https:\/\/rivianaprivatelabel.com\/wp-content\/uploads\/2021\/10\/icon-sqf.png\" alt=\"\" data-id=\"615\" data-full-url=\"https:\/\/rivianaprivatelabel.com\/wp-content\/uploads\/2021\/10\/icon-sqf.png\" data-link=\"https:\/\/rivianaprivatelabel.com\/icon-sqf\/\" class=\"wp-image-616\" srcset=\"https:\/\/rivianaprivatelabel.com\/wp-content\/uploads\/2021\/10\/icon-sqf.png 155w, https:\/\/rivianaprivatelabel.com\/wp-content\/uploads\/2021\/10\/icon-sqf-150x150.png 150w\" sizes=\"auto, (max-width: 155px) 100vw, 155px\" \/><\/figure><\/li><\/ul><\/figure>\n<\/div>\n<\/div>\n\n\n\n<div style=\"height:100px\" aria-hidden=\"true\" class=\"wp-block-spacer\"><\/div>\n<\/div><\/div>\n","protected":false},"excerpt":{"rendered":"<p>Descubra por qu\u00e9 Riviana es la mejor opci\u00f3n para sus soluciones de marca privada.<\/p>\n","protected":false},"author":2,"featured_media":0,"parent":0,"menu_order":2,"comment_status":"closed","ping_status":"closed","template":"","meta":{"_uag_custom_page_level_css":"","footnotes":""},"class_list":["post-349","page","type-page","status-publish","hentry","entry"],"uagb_featured_image_src":{"full":false,"thumbnail":false,"medium":false,"medium_large":false,"large":false,"1536x1536":false,"2048x2048":false,"post-thumbnail":false},"uagb_author_info":{"display_name":"trevenque","author_link":"https:\/\/rivianaprivatelabel.com\/es\/author\/trevenque\/"},"uagb_comment_info":0,"uagb_excerpt":"Descubra por qu\u00e9 Riviana es la mejor opci\u00f3n para sus soluciones de marca privada.","_links":{"self":[{"href":"https:\/\/rivianaprivatelabel.com\/es\/wp-json\/wp\/v2\/pages\/349","targetHints":{"allow":["GET"]}}],"collection":[{"href":"https:\/\/rivianaprivatelabel.com\/es\/wp-json\/wp\/v2\/pages"}],"about":[{"href":"https:\/\/rivianaprivatelabel.com\/es\/wp-json\/wp\/v2\/types\/page"}],"author":[{"embeddable":true,"href":"https:\/\/rivianaprivatelabel.com\/es\/wp-json\/wp\/v2\/users\/2"}],"replies":[{"embeddable":true,"href":"https:\/\/rivianaprivatelabel.com\/es\/wp-json\/wp\/v2\/comments?post=349"}],"version-history":[{"count":4,"href":"https:\/\/rivianaprivatelabel.com\/es\/wp-json\/wp\/v2\/pages\/349\/revisions"}],"predecessor-version":[{"id":1163,"href":"https:\/\/rivianaprivatelabel.com\/es\/wp-json\/wp\/v2\/pages\/349\/revisions\/1163"}],"wp:attachment":[{"href":"https:\/\/rivianaprivatelabel.com\/es\/wp-json\/wp\/v2\/media?parent=349"}],"curies":[{"name":"wp","href":"https:\/\/api.w.org\/{rel}","templated":true}]}}