{"id":348,"date":"2021-09-23T11:25:08","date_gmt":"2021-09-23T16:25:08","guid":{"rendered":"https:\/\/rivianaprivatelabel.com\/products\/"},"modified":"2022-03-17T04:44:02","modified_gmt":"2022-03-17T09:44:02","slug":"productos","status":"publish","type":"page","link":"https:\/\/rivianaprivatelabel.com\/es\/productos\/","title":{"rendered":"Productos"},"content":{"rendered":"\n<section class=\"wp-block-group alignwide\"><div class=\"wp-block-group__inner-container is-layout-flow wp-block-group-is-layout-flow\">\n<div class=\"wp-block-query alignwide is-layout-flow wp-block-query-is-layout-flow\"><ul class=\"is-flex-container columns-2 wp-block-post-template is-layout-flow wp-block-post-template-is-layout-flow\"><li class=\"wp-block-post post-392 product type-product status-publish has-post-thumbnail hentry entry\">\n<figure class=\"alignwide wp-block-post-featured-image\"><a href=\"https:\/\/rivianaprivatelabel.com\/es\/producto\/arroz-precocido\/\" target=\"_self\"  ><img loading=\"lazy\" decoding=\"async\" width=\"440\" height=\"276\" src=\"https:\/\/rivianaprivatelabel.com\/wp-content\/uploads\/2022\/03\/arroz-precocido-es.png\" class=\"attachment-post-thumbnail size-post-thumbnail wp-post-image\" alt=\"Arroz precocido\" style=\"width:100%;height:62.73%;max-width:440px;object-fit:cover;\" srcset=\"https:\/\/rivianaprivatelabel.com\/wp-content\/uploads\/2022\/03\/arroz-precocido-es.png 440w, https:\/\/rivianaprivatelabel.com\/wp-content\/uploads\/2022\/03\/arroz-precocido-es-300x188.png 300w\" sizes=\"auto, (max-width: 440px) 100vw, 440px\" \/><\/a><\/figure>\n\n<h2 class=\"wp-block-post-title\"><a href=\"https:\/\/rivianaprivatelabel.com\/es\/producto\/arroz-precocido\/\" target=\"_self\" >Arroz precocido<\/a><\/h2>\n\n<div class=\"wp-block-post-excerpt\"><p class=\"wp-block-post-excerpt__excerpt\">Arroz 100% natural, sin conservadores, colorantes sint\u00e9ticos ni aditivos. Descubre nuestro arroz precocido o instant\u00e1neo de marca privada. <\/p><\/div>\n<\/li><li class=\"wp-block-post post-393 product type-product status-publish has-post-thumbnail hentry entry\">\n<figure class=\"alignwide wp-block-post-featured-image\"><a href=\"https:\/\/rivianaprivatelabel.com\/es\/producto\/arroz-bolsas-para-hervir\/\" target=\"_self\"  ><img loading=\"lazy\" decoding=\"async\" width=\"440\" height=\"276\" src=\"https:\/\/rivianaprivatelabel.com\/wp-content\/uploads\/2022\/03\/arroz-bolsas-hervir-es.png\" class=\"attachment-post-thumbnail size-post-thumbnail wp-post-image\" alt=\"Arroz en bolsas para hervir\" style=\"width:100%;height:62.73%;max-width:440px;object-fit:cover;\" srcset=\"https:\/\/rivianaprivatelabel.com\/wp-content\/uploads\/2022\/03\/arroz-bolsas-hervir-es.png 440w, https:\/\/rivianaprivatelabel.com\/wp-content\/uploads\/2022\/03\/arroz-bolsas-hervir-es-300x188.png 300w\" sizes=\"auto, (max-width: 440px) 100vw, 440px\" \/><\/a><\/figure>\n\n<h2 class=\"wp-block-post-title\"><a href=\"https:\/\/rivianaprivatelabel.com\/es\/producto\/arroz-bolsas-para-hervir\/\" target=\"_self\" >Arroz en bolsas para hervir<\/a><\/h2>\n\n<div class=\"wp-block-post-excerpt\"><p class=\"wp-block-post-excerpt__excerpt\">Arroz blanco e integral natural empacado en una pr\u00e1ctica bolsa libre de BPA para un m\u00e9todo de cocci\u00f3n m\u00e1s simple y r\u00e1pido. <\/p><\/div>\n<\/li><li class=\"wp-block-post post-394 product type-product status-publish has-post-thumbnail hentry entry\">\n<figure class=\"alignwide wp-block-post-featured-image\"><a href=\"https:\/\/rivianaprivatelabel.com\/es\/producto\/arroz-de-grano-medio-y-largo\/\" target=\"_self\"  ><img loading=\"lazy\" decoding=\"async\" width=\"440\" height=\"276\" src=\"https:\/\/rivianaprivatelabel.com\/wp-content\/uploads\/2022\/03\/arroz-grano-medio-largo-es.png\" class=\"attachment-post-thumbnail size-post-thumbnail wp-post-image\" alt=\"Arroz de grano medio y largo\" style=\"width:100%;height:62.73%;max-width:440px;object-fit:cover;\" srcset=\"https:\/\/rivianaprivatelabel.com\/wp-content\/uploads\/2022\/03\/arroz-grano-medio-largo-es.png 440w, https:\/\/rivianaprivatelabel.com\/wp-content\/uploads\/2022\/03\/arroz-grano-medio-largo-es-300x188.png 300w\" sizes=\"auto, (max-width: 440px) 100vw, 440px\" \/><\/a><\/figure>\n\n<h2 class=\"wp-block-post-title\"><a href=\"https:\/\/rivianaprivatelabel.com\/es\/producto\/arroz-de-grano-medio-y-largo\/\" target=\"_self\" >Arroz de grano medio y largo<\/a><\/h2>\n\n<div class=\"wp-block-post-excerpt\"><p class=\"wp-block-post-excerpt__excerpt\">Descubre las opciones de arroz integral y arroz blanco de grano mediano y grano largo disponibles para tus soluciones de marca privada. <\/p><\/div>\n<\/li><li class=\"wp-block-post post-400 product type-product status-publish has-post-thumbnail hentry entry\">\n<figure class=\"alignwide wp-block-post-featured-image\"><a href=\"https:\/\/rivianaprivatelabel.com\/es\/producto\/arroz-y-granos-especiales\/\" target=\"_self\"  ><img loading=\"lazy\" decoding=\"async\" width=\"440\" height=\"276\" src=\"https:\/\/rivianaprivatelabel.com\/wp-content\/uploads\/2022\/03\/arroz-granos-especiales-es.png\" class=\"attachment-post-thumbnail size-post-thumbnail wp-post-image\" alt=\"Arroz y granos especiales\" style=\"width:100%;height:62.73%;max-width:440px;object-fit:cover;\" srcset=\"https:\/\/rivianaprivatelabel.com\/wp-content\/uploads\/2022\/03\/arroz-granos-especiales-es.png 440w, https:\/\/rivianaprivatelabel.com\/wp-content\/uploads\/2022\/03\/arroz-granos-especiales-es-300x188.png 300w\" sizes=\"auto, (max-width: 440px) 100vw, 440px\" \/><\/a><\/figure>\n\n<h2 class=\"wp-block-post-title\"><a href=\"https:\/\/rivianaprivatelabel.com\/es\/producto\/arroz-y-granos-especiales\/\" target=\"_self\" >Arroz y granos especiales<\/a><\/h2>\n\n<div class=\"wp-block-post-excerpt\"><p class=\"wp-block-post-excerpt__excerpt\">La categor\u00eda de arroces y granos especiales mantiene a Riviana a la vanguardia de productos innovadores como el arroz arborio o jazm\u00edn. <\/p><\/div>\n<\/li><li class=\"wp-block-post post-401 product type-product status-publish has-post-thumbnail hentry entry\">\n<figure class=\"alignwide wp-block-post-featured-image\"><a href=\"https:\/\/rivianaprivatelabel.com\/es\/producto\/arroz-organico\/\" target=\"_self\"  ><img loading=\"lazy\" decoding=\"async\" width=\"440\" height=\"276\" src=\"https:\/\/rivianaprivatelabel.com\/wp-content\/uploads\/2022\/03\/arroz-organico-es.png\" class=\"attachment-post-thumbnail size-post-thumbnail wp-post-image\" alt=\"Arroz Org\u00e1nico\" style=\"width:100%;height:62.73%;max-width:440px;object-fit:cover;\" srcset=\"https:\/\/rivianaprivatelabel.com\/wp-content\/uploads\/2022\/03\/arroz-organico-es.png 440w, https:\/\/rivianaprivatelabel.com\/wp-content\/uploads\/2022\/03\/arroz-organico-es-300x188.png 300w\" sizes=\"auto, (max-width: 440px) 100vw, 440px\" \/><\/a><\/figure>\n\n<h2 class=\"wp-block-post-title\"><a href=\"https:\/\/rivianaprivatelabel.com\/es\/producto\/arroz-organico\/\" target=\"_self\" >Arroz Org\u00e1nico<\/a><\/h2>\n\n<div class=\"wp-block-post-excerpt\"><p class=\"wp-block-post-excerpt__excerpt\">Nuestras variedades de arroz org\u00e1nico est\u00e1n certificadas y se cultivan y procesan bajo los est\u00e1ndares m\u00e1s rigurosos de calidad. <\/p><\/div>\n<\/li><li class=\"wp-block-post post-403 product type-product status-publish has-post-thumbnail hentry entry\">\n<figure class=\"alignwide wp-block-post-featured-image\"><a href=\"https:\/\/rivianaprivatelabel.com\/es\/producto\/arroz-listo-para-servir\/\" target=\"_self\"  ><img loading=\"lazy\" decoding=\"async\" width=\"440\" height=\"276\" src=\"https:\/\/rivianaprivatelabel.com\/wp-content\/uploads\/2023\/04\/arroz-listo-para-servir-es-2.png\" class=\"attachment-post-thumbnail size-post-thumbnail wp-post-image\" alt=\"RTS (Arroz Listo para servir) en 90 segundos\" style=\"width:100%;height:62.73%;max-width:440px;object-fit:cover;\" srcset=\"https:\/\/rivianaprivatelabel.com\/wp-content\/uploads\/2023\/04\/arroz-listo-para-servir-es-2.png 440w, https:\/\/rivianaprivatelabel.com\/wp-content\/uploads\/2023\/04\/arroz-listo-para-servir-es-2-300x188.png 300w\" sizes=\"auto, (max-width: 440px) 100vw, 440px\" \/><\/a><\/figure>\n\n<h2 class=\"wp-block-post-title\"><a href=\"https:\/\/rivianaprivatelabel.com\/es\/producto\/arroz-listo-para-servir\/\" target=\"_self\" >RTS (Arroz Listo para servir) en 90 segundos<\/a><\/h2>\n\n<div class=\"wp-block-post-excerpt\"><p class=\"wp-block-post-excerpt__excerpt\">El arroz listo para servir (Ready to Serve) es la soluci\u00f3n m\u00e1s conveniente para comidas r\u00e1pidas y sencillas. Listo para consumir al calentarlo por 90 segundos. <\/p><\/div>\n<\/li><\/ul><\/div>\n\n\n\n<div style=\"height:100px\" aria-hidden=\"true\" class=\"wp-block-spacer\"><\/div>\n<\/div><\/section>\n\n\n\n<section class=\"wp-block-group alignfull has-background\" style=\"background:linear-gradient(0deg,rgba(250,250,250,0) 34%,rgb(250,250,250) 34%)\"><div class=\"wp-block-group__inner-container is-layout-flow wp-block-group-is-layout-flow\">\n<div style=\"height:49px\" aria-hidden=\"true\" class=\"wp-block-spacer\"><\/div>\n\n\n\n<div class=\"wp-block-columns alignwide default is-layout-flex wp-container-core-columns-is-layout-9d6595d7 wp-block-columns-is-layout-flex\">\n<div class=\"wp-block-column is-layout-flow wp-block-column-is-layout-flow\">\n<h2 class=\"has-text-align-center wp-block-heading\">Empaquetado Personalizado<\/h2>\n\n\n\n<p class=\"has-text-align-center\">Elija sus tipos de granos, tama\u00f1o y empaque para una soluci\u00f3n de marca privada hecha a su medida, \u00a1simplemente agregue la etiqueta de su marca! Contamos con diferentes materiales, desde poly film hasta cartones y recipientes, entre otros. Nuestras soluciones de envasado garantizar\u00e1n una calidad y una vida \u00fatil \u00f3ptimas de los productos. Ofrecemos el arroz de la mejor calidad en el empaque perfecto, para adaptarse a sus necesidades y las de sus consumidores. Conf\u00ede en Riviana para obtener un producto personalizado e inmejorable.<\/p>\n<\/div>\n<\/div>\n\n\n\n<figure class=\"wp-block-image size-full\"><img loading=\"lazy\" decoding=\"async\" width=\"880\" height=\"570\" src=\"https:\/\/rivianaprivatelabel.com\/wp-content\/uploads\/2022\/03\/productos-de-arroz-envasado.png\" alt=\"\" class=\"wp-image-718\" srcset=\"https:\/\/rivianaprivatelabel.com\/wp-content\/uploads\/2022\/03\/productos-de-arroz-envasado.png 880w, https:\/\/rivianaprivatelabel.com\/wp-content\/uploads\/2022\/03\/productos-de-arroz-envasado-300x194.png 300w, https:\/\/rivianaprivatelabel.com\/wp-content\/uploads\/2022\/03\/productos-de-arroz-envasado-768x497.png 768w\" sizes=\"auto, (max-width: 880px) 100vw, 880px\" \/><\/figure>\n<\/div><\/section>\n","protected":false},"excerpt":{"rendered":"<p>Riviana cuenta con un amplio portafolio para ofrecer soluciones con diferentes tipos de arroz, como el arroz de cocci\u00f3n r\u00e1pida, los productos org\u00e1nicos o las variedades de arroz especial para que pueda satisfacer las demandas de sus consumidores. Cada uno se puede empaquetar en diferentes formatos y tama\u00f1os seg\u00fan sus necesidades espec\u00edfica<\/p>\n","protected":false},"author":2,"featured_media":0,"parent":0,"menu_order":1,"comment_status":"closed","ping_status":"closed","template":"","meta":{"_uag_custom_page_level_css":"","footnotes":""},"class_list":["post-348","page","type-page","status-publish","hentry","entry"],"uagb_featured_image_src":{"full":false,"thumbnail":false,"medium":false,"medium_large":false,"large":false,"1536x1536":false,"2048x2048":false,"post-thumbnail":false},"uagb_author_info":{"display_name":"trevenque","author_link":"https:\/\/rivianaprivatelabel.com\/es\/author\/trevenque\/"},"uagb_comment_info":0,"uagb_excerpt":"Riviana cuenta con un amplio portafolio para ofrecer soluciones con diferentes tipos de arroz, como el arroz de cocci\u00f3n r\u00e1pida, los productos org\u00e1nicos o las variedades de arroz especial para que pueda satisfacer las demandas de sus consumidores. Cada uno se puede empaquetar en diferentes formatos y tama\u00f1os seg\u00fan sus necesidades espec\u00edfica","_links":{"self":[{"href":"https:\/\/rivianaprivatelabel.com\/es\/wp-json\/wp\/v2\/pages\/348","targetHints":{"allow":["GET"]}}],"collection":[{"href":"https:\/\/rivianaprivatelabel.com\/es\/wp-json\/wp\/v2\/pages"}],"about":[{"href":"https:\/\/rivianaprivatelabel.com\/es\/wp-json\/wp\/v2\/types\/page"}],"author":[{"embeddable":true,"href":"https:\/\/rivianaprivatelabel.com\/es\/wp-json\/wp\/v2\/users\/2"}],"replies":[{"embeddable":true,"href":"https:\/\/rivianaprivatelabel.com\/es\/wp-json\/wp\/v2\/comments?post=348"}],"version-history":[{"count":3,"href":"https:\/\/rivianaprivatelabel.com\/es\/wp-json\/wp\/v2\/pages\/348\/revisions"}],"predecessor-version":[{"id":1168,"href":"https:\/\/rivianaprivatelabel.com\/es\/wp-json\/wp\/v2\/pages\/348\/revisions\/1168"}],"wp:attachment":[{"href":"https:\/\/rivianaprivatelabel.com\/es\/wp-json\/wp\/v2\/media?parent=348"}],"curies":[{"name":"wp","href":"https:\/\/api.w.org\/{rel}","templated":true}]}}