{"id":347,"date":"2021-09-23T11:10:40","date_gmt":"2021-09-23T16:10:40","guid":{"rendered":"https:\/\/rivianaprivatelabel.com\/private-label\/"},"modified":"2023-04-18T03:41:44","modified_gmt":"2023-04-18T08:41:44","slug":"marca-privada","status":"publish","type":"page","link":"https:\/\/rivianaprivatelabel.com\/es\/","title":{"rendered":"Private Label"},"content":{"rendered":"\n<section class=\"wp-block-group alignfull has-background\" id=\"video\" style=\"background-color:#d6eff2\"><div class=\"wp-block-group__inner-container is-layout-flow wp-block-group-is-layout-flow\">\n<div class=\"wp-block-columns alignwide are-vertically-aligned-center is-layout-flex wp-container-core-columns-is-layout-9d6595d7 wp-block-columns-is-layout-flex\">\n<div class=\"wp-block-column is-vertically-aligned-center is-layout-flow wp-block-column-is-layout-flow\" style=\"padding-top:30px;padding-right:0px;padding-bottom:0px;padding-left:0px;flex-basis:33.33%\">\n<h2 class=\"has-primari-color has-text-color wp-block-heading\">Soluciones de marca privada<\/h2>\n\n\n\n<p class=\"has-text-color\" style=\"color:#3b5266\">Desde la producci\u00f3n hasta la distribuci\u00f3n, ofrecemos las mejores soluciones de marca privada. Elige entre nuestra amplia variedad de arroz y granos de calidad superior, que est\u00e1n perfectamente empaquetados con la etiqueta de su marca.<\/p>\n\n\n\n<div class=\"wp-block-buttons is-layout-flex wp-block-buttons-is-layout-flex\">\n<div class=\"wp-block-button\"><a class=\"wp-block-button__link\">VER V\u00cdDEO<\/a><\/div>\n<\/div>\n<\/div>\n\n\n\n<div class=\"wp-block-column is-vertically-aligned-center is-layout-flow wp-block-column-is-layout-flow\" style=\"flex-basis:66.66%\">\n<figure class=\"wp-block-video home-video\"><video height=\"1080\" style=\"aspect-ratio: 1920 \/ 1080;\" width=\"1920\" poster=\"https:\/\/rivianaprivatelabel.com\/wp-content\/uploads\/2022\/03\/bg-video.png\" src=\"https:\/\/rivianaprivatelabel.com\/wp-content\/uploads\/2022\/03\/riviana-private-label-es-2.mp4\"><\/video><\/figure>\n<\/div>\n<\/div>\n<\/div><\/section>\n\n\n\n<section class=\"wp-block-group alignwide\"><div class=\"wp-block-group__inner-container is-layout-flow wp-block-group-is-layout-flow\">\n<div style=\"height:70px\" aria-hidden=\"true\" class=\"wp-block-spacer\"><\/div>\n\n\n\n<div class=\"wp-block-columns default is-layout-flex wp-container-core-columns-is-layout-9d6595d7 wp-block-columns-is-layout-flex\">\n<div class=\"wp-block-column is-layout-flow wp-block-column-is-layout-flow\">\n<h2 class=\"has-text-align-center wp-block-heading\">Del campo a su marca<\/h2>\n\n\n\n<p class=\"has-text-align-center\">Utilizando instalaciones de \u00faltima generaci\u00f3n y tecnolog\u00edas innovadoras, nuestro compromiso es proporcionar productos de gran calidad, desde el campo hasta el consumidor. Como proveedores de servicio completo, le asistiremos a lo largo de toda la cadena de valor.<\/p>\n<\/div>\n<\/div>\n\n\n\n<div class=\"wp-block-columns alignwide procces is-layout-flex wp-container-core-columns-is-layout-9d6595d7 wp-block-columns-is-layout-flex\">\n<div class=\"wp-block-column revert is-layout-flow wp-block-column-is-layout-flow\">\n<figure class=\"wp-block-image size-full\"><img loading=\"lazy\" decoding=\"async\" width=\"139\" height=\"139\" src=\"https:\/\/rivianaprivatelabel.com\/wp-content\/uploads\/2021\/09\/icon-naturally-grown.jpg\" alt=\"\" class=\"wp-image-127\"\/><\/figure>\n\n\n\n<p class=\"has-text-align-center number\">1<\/p>\n\n\n\n<h3 class=\"has-text-align-center wp-block-heading\" style=\"font-size:1rem\">Cultivo natural<\/h3>\n<\/div>\n\n\n\n<div class=\"wp-block-column invert is-layout-flow wp-block-column-is-layout-flow\">\n<h3 class=\"has-text-align-center wp-block-heading\" style=\"font-size:1rem\">Producci\u00f3n<\/h3>\n\n\n\n<p class=\"has-text-align-center number\">2<\/p>\n\n\n\n<figure class=\"wp-block-image size-full\"><img loading=\"lazy\" decoding=\"async\" width=\"139\" height=\"139\" src=\"https:\/\/rivianaprivatelabel.com\/wp-content\/uploads\/2021\/09\/icon-production.jpg\" alt=\"\" class=\"wp-image-129\"\/><\/figure>\n<\/div>\n\n\n\n<div class=\"wp-block-column revert is-layout-flow wp-block-column-is-layout-flow\">\n<figure class=\"wp-block-image size-full\"><img loading=\"lazy\" decoding=\"async\" width=\"139\" height=\"139\" src=\"https:\/\/rivianaprivatelabel.com\/wp-content\/uploads\/2021\/09\/icon-customized-packaging.jpg\" alt=\"\" class=\"wp-image-121\"\/><\/figure>\n\n\n\n<p class=\"has-text-align-center number\">3<\/p>\n\n\n\n<h3 class=\"has-text-align-center wp-block-heading\" style=\"font-size:1rem\">Empaquetado personalizado<\/h3>\n<\/div>\n\n\n\n<div class=\"wp-block-column invert is-layout-flow wp-block-column-is-layout-flow\">\n<h3 class=\"has-text-align-center wp-block-heading\" style=\"font-size:1rem\">Distribuci\u00f3n<\/h3>\n\n\n\n<p class=\"has-text-align-center number\">4<\/p>\n\n\n\n<figure class=\"wp-block-image size-full\"><img loading=\"lazy\" decoding=\"async\" width=\"139\" height=\"139\" src=\"https:\/\/rivianaprivatelabel.com\/wp-content\/uploads\/2021\/09\/icon-distribution.jpg\" alt=\"\" class=\"wp-image-125\"\/><\/figure>\n<\/div>\n\n\n\n<div class=\"wp-block-column revert is-layout-flow wp-block-column-is-layout-flow\">\n<figure class=\"wp-block-image size-full\"><img loading=\"lazy\" decoding=\"async\" width=\"139\" height=\"139\" src=\"https:\/\/rivianaprivatelabel.com\/wp-content\/uploads\/2021\/09\/icon-direct-to-your-store.jpg\" alt=\"\" class=\"wp-image-123\"\/><\/figure>\n\n\n\n<p class=\"has-text-align-center number\">5<\/p>\n\n\n\n<h3 class=\"has-text-align-center wp-block-heading\" style=\"font-size:1rem\">Directo a la tienda<\/h3>\n<\/div>\n<\/div>\n<\/div><\/section>\n\n\n\n<section class=\"wp-block-group alignfull has-background\" style=\"background:linear-gradient(0deg,rgb(250,250,250) 59%,rgba(255,255,255,0) 59%)\"><div class=\"wp-block-group__inner-container is-layout-flow wp-block-group-is-layout-flow\">\n<div class=\"wp-block-columns alignwide is-layout-flex wp-container-core-columns-is-layout-9d6595d7 wp-block-columns-is-layout-flex\">\n<div class=\"wp-block-column is-layout-flow wp-block-column-is-layout-flow\"><div class=\"wp-block-image\">\n<figure class=\"aligncenter size-full\"><img loading=\"lazy\" decoding=\"async\" width=\"735\" height=\"443\" src=\"https:\/\/rivianaprivatelabel.com\/wp-content\/uploads\/2022\/03\/rice-packaging-home-es.png\" alt=\"\" class=\"wp-image-695\" srcset=\"https:\/\/rivianaprivatelabel.com\/wp-content\/uploads\/2022\/03\/rice-packaging-home-es.png 735w, https:\/\/rivianaprivatelabel.com\/wp-content\/uploads\/2022\/03\/rice-packaging-home-es-300x181.png 300w\" sizes=\"auto, (max-width: 735px) 100vw, 735px\" \/><\/figure>\n<\/div><\/div>\n<\/div>\n<\/div><\/section>\n\n\n\n<section class=\"wp-block-group alignfull offer has-background\" style=\"background-color:#fafafa\"><div class=\"wp-block-group__inner-container is-layout-flow wp-block-group-is-layout-flow\">\n<div class=\"wp-block-columns alignwide is-layout-flex wp-container-core-columns-is-layout-9d6595d7 wp-block-columns-is-layout-flex\">\n<div class=\"wp-block-column is-layout-flow wp-block-column-is-layout-flow\" style=\"flex-basis:50%\">\n<h2 class=\"has-primary-color has-text-color wp-block-heading\">Ofrecemos las mejores soluciones de marca privada<\/h2>\n\n\n\n<p class=\"has-primary-color has-text-color\">Productos de alta calidad, empaques y una extensa red de distribuci\u00f3n son solo algunas de las ventajas competitivas de nuestro arroz y granos de marca privada. La trayectoria empresarial de Riviana, el conocimiento del mercado y la alta disponibilidad de stock son el centro de nuestro historial de \u00e9xito para ofrecer las mejores soluciones de marca privada.<\/p>\n\n\n\n<div class=\"wp-block-buttons is-layout-flex wp-block-buttons-is-layout-flex\">\n<div class=\"wp-block-button\"><a class=\"wp-block-button__link\" href=\"\/es\/recursos\/\">M\u00c1S INFORMACI\u00d3N<\/a><\/div>\n<\/div>\n<\/div>\n\n\n\n<div class=\"wp-block-column is-vertically-aligned-top is-layout-flow wp-block-column-is-layout-flow\" style=\"flex-basis:50%\">\n<div class=\"wp-block-media-text alignwide is-stacked-on-mobile is-vertically-aligned-top has-primary-color has-text-color\" style=\"grid-template-columns:15% auto\"><figure class=\"wp-block-media-text__media\"><img decoding=\"async\" src=\"https:\/\/rivianaprivatelabel.com\/wp-content\/uploads\/2021\/09\/icon-check.jpg\" alt=\"\" class=\"wp-image-48 size-full\"\/><\/figure><div class=\"wp-block-media-text__content\">\n<h3 class=\"h5 wp-block-heading\">Red de distribuci\u00f3n<\/h3>\n\n\n\n<p>Nuestra red de centros de distribuci\u00f3n ubicados en todo EE.UU. y Canad\u00e1 garantiza entregas r\u00e1pidas y puntuales: Illinois, Texas, Florida, Pensilvania y Ontario.<\/p>\n<\/div><\/div>\n\n\n\n<div class=\"wp-block-media-text alignwide is-stacked-on-mobile is-vertically-aligned-top has-primary-color has-text-color\" style=\"grid-template-columns:15% auto\"><figure class=\"wp-block-media-text__media\"><img decoding=\"async\" src=\"https:\/\/rivianaprivatelabel.com\/wp-content\/uploads\/2021\/09\/icon-check.jpg\" alt=\"\" class=\"wp-image-48 size-full\"\/><\/figure><div class=\"wp-block-media-text__content\">\n<h3 class=\"h5 wp-block-heading\">Certificaciones<\/h3>\n\n\n\n<p>En nuestro compromiso de cumplir con los requisitos de calidad, ofrecemos productos que cumplen con las certificaciones m\u00e1s reconocidas en la industria alimentaria como Star K Kosher, sin Gluten, BRC, Org\u00e1nico o SQF.<\/p>\n<\/div><\/div>\n\n\n\n<div class=\"wp-block-media-text alignwide is-stacked-on-mobile is-vertically-aligned-top has-primary-color has-text-color\" style=\"grid-template-columns:15% auto\"><figure class=\"wp-block-media-text__media\"><img decoding=\"async\" src=\"https:\/\/rivianaprivatelabel.com\/wp-content\/uploads\/2021\/09\/icon-check.jpg\" alt=\"\" class=\"wp-image-48 size-full\"\/><\/figure><div class=\"wp-block-media-text__content\">\n<h3 class=\"h5 wp-block-heading\">Empaquetado<\/h3>\n\n\n\n<p>Nuestras soluciones a medida le permiten elegir el empaque que mejor se adapte a sus necesidades. Ofrecemos flexibilidad y una amplia gama de tama\u00f1os y todo tipo de materiales para el empaquetado de sus productos como frascos, cart\u00f3n, vasos, poly film, etc.<\/p>\n<\/div><\/div>\n<\/div>\n<\/div>\n<\/div><\/section>\n\n\n\n<section class=\"wp-block-group alignwide\"><div class=\"wp-block-group__inner-container is-layout-flow wp-block-group-is-layout-flow\">\n<div style=\"height:70px\" aria-hidden=\"true\" class=\"wp-block-spacer\"><\/div>\n\n\n\n<div class=\"wp-block-columns default is-layout-flex wp-container-core-columns-is-layout-9d6595d7 wp-block-columns-is-layout-flex\">\n<div class=\"wp-block-column is-layout-flow wp-block-column-is-layout-flow\">\n<h2 class=\"has-text-align-center wp-block-heading\">Aportamos soluciones a nuestros clientes<\/h2>\n\n\n\n<p class=\"has-text-align-center\">Riviana es la empresa arrocera l\u00edder en Estados Unidos y el comercializador de arroz salvaje m\u00e1s extenso a nivel mundial. Ofrecemos una amplia variedad de soluciones de marca privada, desde arroz instant\u00e1neo hasta arroz y granos especiales como la quinoa.<\/p>\n<\/div>\n<\/div>\n\n\n\n<div class=\"wp-block-columns alignwide product-feature is-layout-flex wp-container-core-columns-is-layout-9d6595d7 wp-block-columns-is-layout-flex\">\n<div class=\"wp-block-column is-layout-flow wp-block-column-is-layout-flow\">\n<div class=\"wp-block-cover aligncenter has-custom-content-position is-position-bottom-center\"><span aria-hidden=\"true\" class=\"wp-block-cover__background has-background-dim-80 has-background-dim wp-block-cover__gradient-background has-background-gradient\" style=\"background:linear-gradient(0deg,rgb(247,247,247) 49%,rgba(247,247,247,0) 54%)\"><\/span><img decoding=\"async\" class=\"wp-block-cover__image-background wp-image-884\" alt=\"\" src=\"https:\/\/rivianaprivatelabel.com\/wp-content\/uploads\/2022\/03\/arroz-precocido-home-es.png\" data-object-fit=\"cover\"\/><div class=\"wp-block-cover__inner-container is-layout-flow wp-block-cover-is-layout-flow\">\n<h3 class=\"has-text-align-center has-text-color wp-block-heading\" style=\"color:#10375c;font-size:1.44rem\"><a href=\"\/es\/producto\/arroz-precocido\/\">Arroz precocido<\/a><\/h3>\n\n\n\n<p class=\"has-text-align-center has-text-color\" style=\"color:#3b5266;font-size:1rem\">Arroz integral, blanco y jazm\u00edn de cocci\u00f3n r\u00e1pida.<\/p>\n<\/div><\/div>\n<\/div>\n\n\n\n<div class=\"wp-block-column is-layout-flow wp-block-column-is-layout-flow\">\n<div class=\"wp-block-cover aligncenter has-custom-content-position is-position-bottom-center\" style=\"padding-top:20px;padding-right:20px;padding-bottom:20px;padding-left:20px\"><span aria-hidden=\"true\" class=\"wp-block-cover__background has-background-dim-80 has-background-dim wp-block-cover__gradient-background has-background-gradient\" style=\"background:linear-gradient(0deg,rgb(247,247,247) 49%,rgba(247,247,247,0) 54%)\"><\/span><img decoding=\"async\" class=\"wp-block-cover__image-background wp-image-886\" alt=\"\" src=\"https:\/\/rivianaprivatelabel.com\/wp-content\/uploads\/2022\/03\/arroz-bolsas-hervir-home-es.png\" style=\"object-position:31% 59%\" data-object-fit=\"cover\" data-object-position=\"31% 59%\"\/><div class=\"wp-block-cover__inner-container is-layout-flow wp-block-cover-is-layout-flow\">\n<h3 class=\"has-text-align-center has-text-color wp-block-heading\" style=\"color:#10375c;font-size:1.44rem\"><a href=\"\/es\/producto\/arroz-bolsas-para-hervir\/\">Arroz en bolsas para hervir<\/a><\/h3>\n\n\n\n<p class=\"has-text-align-center has-text-color\" style=\"color:#3b5266;font-size:1rem\">Arroz integral y blanco de cocci\u00f3n r\u00e1pida en bolsas para hervir.<\/p>\n<\/div><\/div>\n<\/div>\n\n\n\n<div class=\"wp-block-column is-layout-flow wp-block-column-is-layout-flow\">\n<div class=\"wp-block-cover aligncenter has-custom-content-position is-position-bottom-center\"><span aria-hidden=\"true\" class=\"wp-block-cover__background has-background-dim-80 has-background-dim wp-block-cover__gradient-background has-background-gradient\" style=\"background:linear-gradient(0deg,rgb(247,247,247) 49%,rgba(247,247,247,0) 54%)\"><\/span><img decoding=\"async\" class=\"wp-block-cover__image-background wp-image-889\" alt=\"\" src=\"https:\/\/rivianaprivatelabel.com\/wp-content\/uploads\/2022\/03\/arroz-granos-especiales-home-es.png\" style=\"object-position:50% 50%\" data-object-fit=\"cover\" data-object-position=\"50% 50%\"\/><div class=\"wp-block-cover__inner-container is-layout-flow wp-block-cover-is-layout-flow\">\n<h3 class=\"has-text-align-center has-text-color wp-block-heading\" style=\"color:#10375c;font-size:1.44rem\"><a href=\"\/es\/producto\/arroz-y-granos-especiales\/\">Arroz y granos especiales<\/a><\/h3>\n\n\n\n<p class=\"has-text-align-center has-text-color\" style=\"color:#3b5266;font-size:1rem\">Granos integrales y otras variedades especiales.<\/p>\n<\/div><\/div>\n<\/div>\n\n\n\n<div class=\"wp-block-column is-layout-flow wp-block-column-is-layout-flow\">\n<div class=\"wp-block-cover aligncenter has-custom-content-position is-position-bottom-center\"><span aria-hidden=\"true\" class=\"wp-block-cover__background has-background-dim-80 has-background-dim wp-block-cover__gradient-background has-background-gradient\" style=\"background:linear-gradient(0deg,rgb(247,247,247) 49%,rgba(247,247,247,0) 54%)\"><\/span><img decoding=\"async\" class=\"wp-block-cover__image-background wp-image-891\" alt=\"\" src=\"https:\/\/rivianaprivatelabel.com\/wp-content\/uploads\/2022\/03\/arroz-organico-home-es.png\" style=\"object-position:50% 50%\" data-object-fit=\"cover\" data-object-position=\"50% 50%\"\/><div class=\"wp-block-cover__inner-container is-layout-flow wp-block-cover-is-layout-flow\">\n<h3 class=\"has-text-align-center has-text-color wp-block-heading\" style=\"color:#10375c;font-size:1.44rem\"><a href=\"\/es\/producto\/arroz-organico\/\">Arroz org\u00e1nico<\/a><\/h3>\n\n\n\n<p class=\"has-text-align-center has-text-color\" style=\"color:#3b5266;font-size:1rem\">Arroz org\u00e1nico certificado, incluido el arroz especial.<\/p>\n<\/div><\/div>\n<\/div>\n<\/div>\n\n\n\n\n\n<div style=\"height:50px\" aria-hidden=\"true\" class=\"wp-block-spacer\"><\/div>\n\n\n\n<div class=\"wp-block-buttons is-horizontal is-content-justification-center is-layout-flex wp-container-core-buttons-is-layout-499968f5 wp-block-buttons-is-layout-flex\">\n<div class=\"wp-block-button\"><a class=\"wp-block-button__link\" href=\"\/es\/productos\/\">VER TODOS LOS PRODUCTOS<\/a><\/div>\n<\/div>\n\n\n\n<div style=\"height:70px\" aria-hidden=\"true\" class=\"wp-block-spacer\"><\/div>\n<\/div><\/section>\n\n\n\n<div class=\"wp-block-cover alignfull is-light has-custom-content-position is-position-bottom-center\"><span aria-hidden=\"true\" class=\"wp-block-cover__background has-background-dim-0 has-background-dim\"><\/span><img decoding=\"async\" class=\"wp-block-cover__image-background wp-image-54\" alt=\"\" src=\"https:\/\/rivianaprivatelabel.com\/wp-content\/uploads\/2021\/09\/bg-we-are-riviana.jpg\" data-object-fit=\"cover\"\/><div class=\"wp-block-cover__inner-container is-layout-flow wp-block-cover-is-layout-flow\">\n<div style=\"height:50px\" aria-hidden=\"true\" class=\"wp-block-spacer\"><\/div>\n\n\n\n<div class=\"wp-block-columns alignwide is-layout-flex wp-container-core-columns-is-layout-9d6595d7 wp-block-columns-is-layout-flex\">\n<div class=\"wp-block-column has-primary-color has-white-background-color has-text-color has-background is-layout-flow wp-block-column-is-layout-flow\" style=\"padding-top:65px;padding-right:65px;padding-bottom:65px;padding-left:65px\">\n<h2 class=\"has-text-color wp-block-heading\" style=\"color:#10375c\">Somos Riviana<\/h2>\n\n\n\n<p class=\"has-text-color\" style=\"color:#666666\">Con una consolidada historia de marca que se remonta a 1911, en Riviana Foods&nbsp;<strong>we love food<\/strong>. Trabajamos constantemente para mejorar la eficiencia y continuar siendo la empresa l\u00edder de arroz en Estados Unidos.<\/p>\n\n\n\n<p class=\"has-text-color\" style=\"color:#666666\">Nuestra dedicaci\u00f3n comienza desde el cultivo de los granos en el campo hasta nuestras cocinas y centros de producci\u00f3n para ofrecer el mejor producto posible. Proporcionar un nivel superior de calidad es uno de nuestros compromisos m\u00e1s importantes. En nuestras instalaciones, seguimos las directrices, procedimientos y normativas m\u00e1s estrictas de la industria para evaluar el producto. Estamos a la vanguardia de las tendencias e innovaci\u00f3n alimentaria para presentar el portafolio m\u00e1s amplio de arroz y granos a nuestros clientes.<\/p>\n\n\n\n<div class=\"wp-block-buttons is-layout-flex wp-block-buttons-is-layout-flex\">\n<div class=\"wp-block-button\"><a class=\"wp-block-button__link\" href=\"https:\/\/rivianaprivatelabel.com\/es\/nosotros\/\">M\u00c1S INFORMACI\u00d3N<\/a><\/div>\n<\/div>\n<\/div>\n\n\n\n<div class=\"wp-block-column is-layout-flow wp-block-column-is-layout-flow\"><\/div>\n<\/div>\n\n\n\n<div style=\"height:200px\" aria-hidden=\"true\" class=\"wp-block-spacer\"><\/div>\n<\/div><\/div>\n","protected":false},"excerpt":{"rendered":"<p>Desde la producci\u00f3n hasta la distribuci\u00f3n, ofrecemos las mejores soluciones de marca privada. Elige entre nuestra amplia variedad de arroz y granos de calidad superior, que est\u00e1n perfectamente empaquetados con la etiqueta de su marca<\/p>\n","protected":false},"author":2,"featured_media":647,"parent":0,"menu_order":0,"comment_status":"closed","ping_status":"closed","template":"","meta":{"_uag_custom_page_level_css":"","footnotes":""},"class_list":["post-347","page","type-page","status-publish","has-post-thumbnail","hentry","entry"],"uagb_featured_image_src":{"full":["https:\/\/rivianaprivatelabel.com\/wp-content\/uploads\/2021\/10\/isotipo-private-label.jpg",512,512,false],"thumbnail":["https:\/\/rivianaprivatelabel.com\/wp-content\/uploads\/2021\/10\/isotipo-private-label-150x150.jpg",150,150,true],"medium":["https:\/\/rivianaprivatelabel.com\/wp-content\/uploads\/2021\/10\/isotipo-private-label-300x300.jpg",300,300,true],"medium_large":["https:\/\/rivianaprivatelabel.com\/wp-content\/uploads\/2021\/10\/isotipo-private-label.jpg",512,512,false],"large":["https:\/\/rivianaprivatelabel.com\/wp-content\/uploads\/2021\/10\/isotipo-private-label.jpg",512,512,false],"1536x1536":["https:\/\/rivianaprivatelabel.com\/wp-content\/uploads\/2021\/10\/isotipo-private-label.jpg",512,512,false],"2048x2048":["https:\/\/rivianaprivatelabel.com\/wp-content\/uploads\/2021\/10\/isotipo-private-label.jpg",512,512,false],"post-thumbnail":["https:\/\/rivianaprivatelabel.com\/wp-content\/uploads\/2021\/10\/isotipo-private-label.jpg",512,512,false]},"uagb_author_info":{"display_name":"trevenque","author_link":"https:\/\/rivianaprivatelabel.com\/es\/author\/trevenque\/"},"uagb_comment_info":0,"uagb_excerpt":"Desde la producci\u00f3n hasta la distribuci\u00f3n, ofrecemos las mejores soluciones de marca privada. Elige entre nuestra amplia variedad de arroz y granos de calidad superior, que est\u00e1n perfectamente empaquetados con la etiqueta de su marca","_links":{"self":[{"href":"https:\/\/rivianaprivatelabel.com\/es\/wp-json\/wp\/v2\/pages\/347","targetHints":{"allow":["GET"]}}],"collection":[{"href":"https:\/\/rivianaprivatelabel.com\/es\/wp-json\/wp\/v2\/pages"}],"about":[{"href":"https:\/\/rivianaprivatelabel.com\/es\/wp-json\/wp\/v2\/types\/page"}],"author":[{"embeddable":true,"href":"https:\/\/rivianaprivatelabel.com\/es\/wp-json\/wp\/v2\/users\/2"}],"replies":[{"embeddable":true,"href":"https:\/\/rivianaprivatelabel.com\/es\/wp-json\/wp\/v2\/comments?post=347"}],"version-history":[{"count":2,"href":"https:\/\/rivianaprivatelabel.com\/es\/wp-json\/wp\/v2\/pages\/347\/revisions"}],"predecessor-version":[{"id":1219,"href":"https:\/\/rivianaprivatelabel.com\/es\/wp-json\/wp\/v2\/pages\/347\/revisions\/1219"}],"wp:featuredmedia":[{"embeddable":true,"href":"https:\/\/rivianaprivatelabel.com\/es\/wp-json\/wp\/v2\/media\/647"}],"wp:attachment":[{"href":"https:\/\/rivianaprivatelabel.com\/es\/wp-json\/wp\/v2\/media?parent=347"}],"curies":[{"name":"wp","href":"https:\/\/api.w.org\/{rel}","templated":true}]}}